{"id":1944,"date":"2022-07-28T10:23:32","date_gmt":"2022-07-28T10:23:32","guid":{"rendered":"https:\/\/www.stylmar.be\/noir-et-blanc\/"},"modified":"2022-08-29T09:22:30","modified_gmt":"2022-08-29T09:22:30","slug":"noir-et-blanc","status":"publish","type":"page","link":"https:\/\/www.stylmar.be\/fr\/noir-et-blanc\/","title":{"rendered":"Noir et blanc"},"content":{"rendered":"\t\t<div data-elementor-type=\"wp-page\" data-elementor-id=\"1944\" class=\"elementor elementor-1944\" data-elementor-post-type=\"page\">\n\t\t\t\t\t\t<section class=\"elementor-section elementor-top-section elementor-element elementor-element-0f0713c elementor-reverse-mobile elementor-section-boxed elementor-section-height-default elementor-section-height-default\" data-id=\"0f0713c\" data-element_type=\"section\" data-e-type=\"section\">\n\t\t\t\t\t\t<div class=\"elementor-container elementor-column-gap-default\">\n\t\t\t\t\t<div class=\"elementor-column elementor-col-50 elementor-top-column elementor-element elementor-element-f0561e8\" data-id=\"f0561e8\" data-element_type=\"column\" data-e-type=\"column\">\n\t\t\t<div class=\"elementor-widget-wrap elementor-element-populated\">\n\t\t\t\t\t\t<div class=\"elementor-element elementor-element-02edadf elementor-widget elementor-widget-image\" data-id=\"02edadf\" data-element_type=\"widget\" data-e-type=\"widget\" data-widget_type=\"image.default\">\n\t\t\t\t<div class=\"elementor-widget-container\">\n\t\t\t\t\t\t\t\t\t\t\t\t\t\t\t<img fetchpriority=\"high\" decoding=\"async\" width=\"640\" height=\"852\" src=\"https:\/\/www.stylmar.be\/wp-content\/uploads\/2022\/07\/Zwart-wit_.webp\" class=\"attachment-large size-large wp-image-1431\" alt=\"\" srcset=\"https:\/\/www.stylmar.be\/wp-content\/uploads\/2022\/07\/Zwart-wit_.webp 640w, https:\/\/www.stylmar.be\/wp-content\/uploads\/2022\/07\/Zwart-wit_-225x300.webp 225w\" sizes=\"(max-width: 640px) 85vw, 640px\" \/>\t\t\t\t\t\t\t\t\t\t\t\t\t\t\t<\/div>\n\t\t\t\t<\/div>\n\t\t\t\t\t<\/div>\n\t\t<\/div>\n\t\t\t\t<div class=\"elementor-column elementor-col-50 elementor-top-column elementor-element elementor-element-a67a74a\" data-id=\"a67a74a\" data-element_type=\"column\" data-e-type=\"column\" data-settings=\"{&quot;background_background&quot;:&quot;classic&quot;}\">\n\t\t\t<div class=\"elementor-widget-wrap elementor-element-populated\">\n\t\t\t\t\t\t<div class=\"elementor-element elementor-element-b5ab682 elementor-widget elementor-widget-text-editor\" data-id=\"b5ab682\" data-element_type=\"widget\" data-e-type=\"widget\" data-widget_type=\"text-editor.default\">\n\t\t\t\t<div class=\"elementor-widget-container\">\n\t\t\t\t\t\t\t\t\t<h4>Noir et blanc<\/h4>\nLorsque le bois re\u00e7oit une finition noire, une toute nouvelle approche est cr\u00e9\u00e9e. Les d\u00e9tails tels que les grains de bois, les profils et les traverses sont agrandis. Vous obtenez un beau et subtil jeu d&rsquo;ombre et de lumi\u00e8re. \n\nCe concept noir et blanc a \u00e9t\u00e9 compl\u00e9t\u00e9 par des parquets en bois chaleureux, des meubles TV en bois et une table en tronc d&rsquo;arbre.\n\nA l&rsquo;\u00e9tage, un ensemble blanc \u00e9pur\u00e9 apporte simplicit\u00e9 et tranquillit\u00e9.\t\t\t\t\t\t\t\t<\/div>\n\t\t\t\t<\/div>\n\t\t\t\t<div class=\"elementor-element elementor-element-f362e89 elementor-align-left elementor-widget elementor-widget-button\" data-id=\"f362e89\" data-element_type=\"widget\" data-e-type=\"widget\" data-widget_type=\"button.default\">\n\t\t\t\t<div class=\"elementor-widget-container\">\n\t\t\t\t\t\t\t\t\t<div class=\"elementor-button-wrapper\">\n\t\t\t\t\t<a class=\"elementor-button elementor-button-link elementor-size-sm\" href=\"https:\/\/www.stylmar.be\/fr\/projets-totaux\/\">\n\t\t\t\t\t\t<span class=\"elementor-button-content-wrapper\">\n\t\t\t\t\t\t<span class=\"elementor-button-icon\">\n\t\t\t\t<i aria-hidden=\"true\" class=\"fas fa-caret-left\"><\/i>\t\t\t<\/span>\n\t\t\t\t\t\t\t\t\t<span class=\"elementor-button-text\">Retour<\/span>\n\t\t\t\t\t<\/span>\n\t\t\t\t\t<\/a>\n\t\t\t\t<\/div>\n\t\t\t\t\t\t\t\t<\/div>\n\t\t\t\t<\/div>\n\t\t\t\t\t<\/div>\n\t\t<\/div>\n\t\t\t\t\t<\/div>\n\t\t<\/section>\n\t\t\t\t<section class=\"elementor-section elementor-top-section elementor-element elementor-element-809dbc1 elementor-section-boxed elementor-section-height-default elementor-section-height-default\" data-id=\"809dbc1\" data-element_type=\"section\" data-e-type=\"section\">\n\t\t\t\t\t\t<div class=\"elementor-container elementor-column-gap-default\">\n\t\t\t\t\t<div class=\"elementor-column elementor-col-100 elementor-top-column elementor-element elementor-element-3e07a70\" data-id=\"3e07a70\" data-element_type=\"column\" data-e-type=\"column\" data-settings=\"{&quot;background_background&quot;:&quot;classic&quot;}\">\n\t\t\t<div class=\"elementor-widget-wrap elementor-element-populated\">\n\t\t\t\t\t\t<div class=\"elementor-element elementor-element-7b5612f elementor-widget elementor-widget-gallery\" data-id=\"7b5612f\" data-element_type=\"widget\" data-e-type=\"widget\" data-settings=\"{&quot;gap&quot;:{&quot;unit&quot;:&quot;px&quot;,&quot;size&quot;:30,&quot;sizes&quot;:[]},&quot;aspect_ratio&quot;:&quot;4:3&quot;,&quot;columns_tablet&quot;:3,&quot;columns_mobile&quot;:2,&quot;gap_tablet&quot;:{&quot;unit&quot;:&quot;px&quot;,&quot;size&quot;:20,&quot;sizes&quot;:[]},&quot;lazyload&quot;:&quot;yes&quot;,&quot;gallery_layout&quot;:&quot;grid&quot;,&quot;columns&quot;:4,&quot;gap_mobile&quot;:{&quot;unit&quot;:&quot;px&quot;,&quot;size&quot;:10,&quot;sizes&quot;:[]},&quot;link_to&quot;:&quot;file&quot;,&quot;overlay_background&quot;:&quot;yes&quot;,&quot;content_hover_animation&quot;:&quot;fade-in&quot;}\" data-widget_type=\"gallery.default\">\n\t\t\t\t<div class=\"elementor-widget-container\">\n\t\t\t\t\t\t\t<div class=\"elementor-gallery__container\">\n\t\t\t\t\t\t\t<a class=\"e-gallery-item elementor-gallery-item elementor-animated-content\" href=\"https:\/\/www.stylmar.be\/wp-content\/uploads\/2022\/08\/Zwart-wit_01.jpg\" data-elementor-open-lightbox=\"yes\" data-elementor-lightbox-slideshow=\"7b5612f\" data-elementor-lightbox-title=\"Zwart-wit_01\" data-e-action-hash=\"#elementor-action%3Aaction%3Dlightbox%26settings%3DeyJpZCI6MzU1MywidXJsIjoiaHR0cHM6XC9cL3d3dy5zdHlsbWFyLmJlXC93cC1jb250ZW50XC91cGxvYWRzXC8yMDIyXC8wOFwvWndhcnQtd2l0XzAxLmpwZyIsInNsaWRlc2hvdyI6IjdiNTYxMmYifQ%3D%3D\">\n\t\t\t\t\t<div class=\"e-gallery-image elementor-gallery-item__image\" data-thumbnail=\"https:\/\/www.stylmar.be\/wp-content\/uploads\/2022\/08\/Zwart-wit_01-768x614.jpg\" data-width=\"768\" data-height=\"614\" aria-label=\"\" role=\"img\" ><\/div>\n\t\t\t\t\t\t\t\t\t\t\t<div class=\"elementor-gallery-item__overlay\"><\/div>\n\t\t\t\t\t\t\t\t\t\t\t\t\t\t<\/a>\n\t\t\t\t\t\t\t<a class=\"e-gallery-item elementor-gallery-item elementor-animated-content\" href=\"https:\/\/www.stylmar.be\/wp-content\/uploads\/2022\/08\/Zwart-wit_02.jpg\" data-elementor-open-lightbox=\"yes\" data-elementor-lightbox-slideshow=\"7b5612f\" data-elementor-lightbox-title=\"Zwart-wit_02\" data-e-action-hash=\"#elementor-action%3Aaction%3Dlightbox%26settings%3DeyJpZCI6MzU1NiwidXJsIjoiaHR0cHM6XC9cL3d3dy5zdHlsbWFyLmJlXC93cC1jb250ZW50XC91cGxvYWRzXC8yMDIyXC8wOFwvWndhcnQtd2l0XzAyLmpwZyIsInNsaWRlc2hvdyI6IjdiNTYxMmYifQ%3D%3D\">\n\t\t\t\t\t<div class=\"e-gallery-image elementor-gallery-item__image\" data-thumbnail=\"https:\/\/www.stylmar.be\/wp-content\/uploads\/2022\/08\/Zwart-wit_02-768x614.jpg\" data-width=\"768\" data-height=\"614\" aria-label=\"\" role=\"img\" ><\/div>\n\t\t\t\t\t\t\t\t\t\t\t<div class=\"elementor-gallery-item__overlay\"><\/div>\n\t\t\t\t\t\t\t\t\t\t\t\t\t\t<\/a>\n\t\t\t\t\t\t\t<a class=\"e-gallery-item elementor-gallery-item elementor-animated-content\" href=\"https:\/\/www.stylmar.be\/wp-content\/uploads\/2022\/08\/Zwart-wit_03.jpg\" data-elementor-open-lightbox=\"yes\" data-elementor-lightbox-slideshow=\"7b5612f\" data-elementor-lightbox-title=\"Zwart-wit_03\" data-e-action-hash=\"#elementor-action%3Aaction%3Dlightbox%26settings%3DeyJpZCI6MzU1OSwidXJsIjoiaHR0cHM6XC9cL3d3dy5zdHlsbWFyLmJlXC93cC1jb250ZW50XC91cGxvYWRzXC8yMDIyXC8wOFwvWndhcnQtd2l0XzAzLmpwZyIsInNsaWRlc2hvdyI6IjdiNTYxMmYifQ%3D%3D\">\n\t\t\t\t\t<div class=\"e-gallery-image elementor-gallery-item__image\" data-thumbnail=\"https:\/\/www.stylmar.be\/wp-content\/uploads\/2022\/08\/Zwart-wit_03-768x614.jpg\" data-width=\"768\" data-height=\"614\" aria-label=\"\" role=\"img\" ><\/div>\n\t\t\t\t\t\t\t\t\t\t\t<div class=\"elementor-gallery-item__overlay\"><\/div>\n\t\t\t\t\t\t\t\t\t\t\t\t\t\t<\/a>\n\t\t\t\t\t\t\t<a class=\"e-gallery-item elementor-gallery-item elementor-animated-content\" href=\"https:\/\/www.stylmar.be\/wp-content\/uploads\/2022\/08\/Zwart-wit_04.jpg\" data-elementor-open-lightbox=\"yes\" data-elementor-lightbox-slideshow=\"7b5612f\" data-elementor-lightbox-title=\"Zwart-wit_04\" data-e-action-hash=\"#elementor-action%3Aaction%3Dlightbox%26settings%3DeyJpZCI6MzU2MiwidXJsIjoiaHR0cHM6XC9cL3d3dy5zdHlsbWFyLmJlXC93cC1jb250ZW50XC91cGxvYWRzXC8yMDIyXC8wOFwvWndhcnQtd2l0XzA0LmpwZyIsInNsaWRlc2hvdyI6IjdiNTYxMmYifQ%3D%3D\">\n\t\t\t\t\t<div class=\"e-gallery-image elementor-gallery-item__image\" data-thumbnail=\"https:\/\/www.stylmar.be\/wp-content\/uploads\/2022\/08\/Zwart-wit_04-768x614.jpg\" data-width=\"768\" data-height=\"614\" aria-label=\"\" role=\"img\" ><\/div>\n\t\t\t\t\t\t\t\t\t\t\t<div class=\"elementor-gallery-item__overlay\"><\/div>\n\t\t\t\t\t\t\t\t\t\t\t\t\t\t<\/a>\n\t\t\t\t\t\t\t<a class=\"e-gallery-item elementor-gallery-item elementor-animated-content\" href=\"https:\/\/www.stylmar.be\/wp-content\/uploads\/2022\/08\/Zwart-wit_05.jpg\" data-elementor-open-lightbox=\"yes\" data-elementor-lightbox-slideshow=\"7b5612f\" data-elementor-lightbox-title=\"Zwart-wit_05\" data-e-action-hash=\"#elementor-action%3Aaction%3Dlightbox%26settings%3DeyJpZCI6MzU2NSwidXJsIjoiaHR0cHM6XC9cL3d3dy5zdHlsbWFyLmJlXC93cC1jb250ZW50XC91cGxvYWRzXC8yMDIyXC8wOFwvWndhcnQtd2l0XzA1LmpwZyIsInNsaWRlc2hvdyI6IjdiNTYxMmYifQ%3D%3D\">\n\t\t\t\t\t<div class=\"e-gallery-image elementor-gallery-item__image\" data-thumbnail=\"https:\/\/www.stylmar.be\/wp-content\/uploads\/2022\/08\/Zwart-wit_05-768x614.jpg\" data-width=\"768\" data-height=\"614\" aria-label=\"\" role=\"img\" ><\/div>\n\t\t\t\t\t\t\t\t\t\t\t<div class=\"elementor-gallery-item__overlay\"><\/div>\n\t\t\t\t\t\t\t\t\t\t\t\t\t\t<\/a>\n\t\t\t\t\t\t\t<a class=\"e-gallery-item elementor-gallery-item elementor-animated-content\" href=\"https:\/\/www.stylmar.be\/wp-content\/uploads\/2022\/08\/Zwart-wit_06.jpg\" data-elementor-open-lightbox=\"yes\" data-elementor-lightbox-slideshow=\"7b5612f\" data-elementor-lightbox-title=\"Zwart-wit_06\" data-e-action-hash=\"#elementor-action%3Aaction%3Dlightbox%26settings%3DeyJpZCI6MzU2OCwidXJsIjoiaHR0cHM6XC9cL3d3dy5zdHlsbWFyLmJlXC93cC1jb250ZW50XC91cGxvYWRzXC8yMDIyXC8wOFwvWndhcnQtd2l0XzA2LmpwZyIsInNsaWRlc2hvdyI6IjdiNTYxMmYifQ%3D%3D\">\n\t\t\t\t\t<div class=\"e-gallery-image elementor-gallery-item__image\" data-thumbnail=\"https:\/\/www.stylmar.be\/wp-content\/uploads\/2022\/08\/Zwart-wit_06-768x614.jpg\" data-width=\"768\" data-height=\"614\" aria-label=\"\" role=\"img\" ><\/div>\n\t\t\t\t\t\t\t\t\t\t\t<div class=\"elementor-gallery-item__overlay\"><\/div>\n\t\t\t\t\t\t\t\t\t\t\t\t\t\t<\/a>\n\t\t\t\t\t\t\t<a class=\"e-gallery-item elementor-gallery-item elementor-animated-content\" href=\"https:\/\/www.stylmar.be\/wp-content\/uploads\/2022\/08\/Zwart-wit_07.jpg\" data-elementor-open-lightbox=\"yes\" data-elementor-lightbox-slideshow=\"7b5612f\" data-elementor-lightbox-title=\"Zwart-wit_07\" data-e-action-hash=\"#elementor-action%3Aaction%3Dlightbox%26settings%3DeyJpZCI6MzU3MSwidXJsIjoiaHR0cHM6XC9cL3d3dy5zdHlsbWFyLmJlXC93cC1jb250ZW50XC91cGxvYWRzXC8yMDIyXC8wOFwvWndhcnQtd2l0XzA3LmpwZyIsInNsaWRlc2hvdyI6IjdiNTYxMmYifQ%3D%3D\">\n\t\t\t\t\t<div class=\"e-gallery-image elementor-gallery-item__image\" data-thumbnail=\"https:\/\/www.stylmar.be\/wp-content\/uploads\/2022\/08\/Zwart-wit_07-768x432.jpg\" data-width=\"768\" data-height=\"432\" aria-label=\"\" role=\"img\" ><\/div>\n\t\t\t\t\t\t\t\t\t\t\t<div class=\"elementor-gallery-item__overlay\"><\/div>\n\t\t\t\t\t\t\t\t\t\t\t\t\t\t<\/a>\n\t\t\t\t\t\t\t<a class=\"e-gallery-item elementor-gallery-item elementor-animated-content\" href=\"https:\/\/www.stylmar.be\/wp-content\/uploads\/2022\/08\/Zwart-wit_09.jpg\" data-elementor-open-lightbox=\"yes\" data-elementor-lightbox-slideshow=\"7b5612f\" data-elementor-lightbox-title=\"Zwart-wit_09\" data-e-action-hash=\"#elementor-action%3Aaction%3Dlightbox%26settings%3DeyJpZCI6MzU3NCwidXJsIjoiaHR0cHM6XC9cL3d3dy5zdHlsbWFyLmJlXC93cC1jb250ZW50XC91cGxvYWRzXC8yMDIyXC8wOFwvWndhcnQtd2l0XzA5LmpwZyIsInNsaWRlc2hvdyI6IjdiNTYxMmYifQ%3D%3D\">\n\t\t\t\t\t<div class=\"e-gallery-image elementor-gallery-item__image\" data-thumbnail=\"https:\/\/www.stylmar.be\/wp-content\/uploads\/2022\/08\/Zwart-wit_09-768x605.jpg\" data-width=\"768\" data-height=\"605\" aria-label=\"\" role=\"img\" ><\/div>\n\t\t\t\t\t\t\t\t\t\t\t<div class=\"elementor-gallery-item__overlay\"><\/div>\n\t\t\t\t\t\t\t\t\t\t\t\t\t\t<\/a>\n\t\t\t\t\t<\/div>\n\t\t\t\t\t<\/div>\n\t\t\t\t<\/div>\n\t\t\t\t\t<\/div>\n\t\t<\/div>\n\t\t\t\t\t<\/div>\n\t\t<\/section>\n\t\t\t\t<\/div>\n\t\t","protected":false},"excerpt":{"rendered":"<p>Noir et blanc Lorsque le bois re\u00e7oit une finition noire, une toute nouvelle approche est cr\u00e9\u00e9e. Les d\u00e9tails tels que les grains de bois, les profils et les traverses sont agrandis. Vous obtenez un beau et subtil jeu d&rsquo;ombre et de lumi\u00e8re. Ce concept noir et blanc a \u00e9t\u00e9 compl\u00e9t\u00e9 par des parquets en bois &hellip; <a href=\"https:\/\/www.stylmar.be\/fr\/noir-et-blanc\/\" class=\"more-link\">Continue reading<span class=\"screen-reader-text\"> \u00ab\u00a0Noir et blanc\u00a0\u00bb<\/span><\/a><\/p>\n","protected":false},"author":1,"featured_media":0,"parent":0,"menu_order":0,"comment_status":"closed","ping_status":"closed","template":"elementor_header_footer","meta":{"_acf_changed":false,"_monsterinsights_skip_tracking":false,"_monsterinsights_sitenote_active":false,"_monsterinsights_sitenote_note":"","_monsterinsights_sitenote_category":0,"footnotes":""},"class_list":["post-1944","page","type-page","status-publish","hentry"],"acf":[],"aioseo_notices":[],"yoast_head":"<!-- This site is optimized with the Yoast SEO plugin v27.5 - https:\/\/yoast.com\/product\/yoast-seo-wordpress\/ -->\n<title>Noir et blanc - Stylmar<\/title>\n<meta name=\"robots\" content=\"index, follow, max-snippet:-1, max-image-preview:large, max-video-preview:-1\" \/>\n<link rel=\"canonical\" href=\"https:\/\/www.stylmar.be\/zwart-wit\/\" \/>\n<meta property=\"og:locale\" content=\"fr_FR\" \/>\n<meta property=\"og:type\" content=\"article\" \/>\n<meta property=\"og:title\" content=\"Noir et blanc - Stylmar\" \/>\n<meta property=\"og:description\" content=\"Noir et blanc Lorsque le bois re\u00e7oit une finition noire, une toute nouvelle approche est cr\u00e9\u00e9e. Les d\u00e9tails tels que les grains de bois, les profils et les traverses sont agrandis. Vous obtenez un beau et subtil jeu d&rsquo;ombre et de lumi\u00e8re. Ce concept noir et blanc a \u00e9t\u00e9 compl\u00e9t\u00e9 par des parquets en bois &hellip; Continue reading &quot;Noir et blanc&quot;\" \/>\n<meta property=\"og:url\" content=\"https:\/\/www.stylmar.be\/zwart-wit\/\" \/>\n<meta property=\"og:site_name\" content=\"Stylmar\" \/>\n<meta property=\"article:modified_time\" content=\"2022-08-29T09:22:30+00:00\" \/>\n<meta property=\"og:image\" content=\"https:\/\/www.stylmar.be\/wp-content\/uploads\/2022\/07\/Zwart-wit_.webp\" \/>\n<meta name=\"twitter:card\" content=\"summary_large_image\" \/>\n<script type=\"application\/ld+json\" class=\"yoast-schema-graph\">{\"@context\":\"https:\\\/\\\/schema.org\",\"@graph\":[{\"@type\":\"WebPage\",\"@id\":\"https:\\\/\\\/www.stylmar.be\\\/zwart-wit\\\/\",\"url\":\"https:\\\/\\\/www.stylmar.be\\\/zwart-wit\\\/\",\"name\":\"Noir et blanc - Stylmar\",\"isPartOf\":{\"@id\":\"https:\\\/\\\/www.stylmar.be\\\/#website\"},\"primaryImageOfPage\":{\"@id\":\"https:\\\/\\\/www.stylmar.be\\\/zwart-wit\\\/#primaryimage\"},\"image\":{\"@id\":\"https:\\\/\\\/www.stylmar.be\\\/zwart-wit\\\/#primaryimage\"},\"thumbnailUrl\":\"https:\\\/\\\/www.stylmar.be\\\/wp-content\\\/uploads\\\/2022\\\/07\\\/Zwart-wit_.webp\",\"datePublished\":\"2022-07-28T10:23:32+00:00\",\"dateModified\":\"2022-08-29T09:22:30+00:00\",\"breadcrumb\":{\"@id\":\"https:\\\/\\\/www.stylmar.be\\\/zwart-wit\\\/#breadcrumb\"},\"inLanguage\":\"fr-FR\",\"potentialAction\":[{\"@type\":\"ReadAction\",\"target\":[\"https:\\\/\\\/www.stylmar.be\\\/zwart-wit\\\/\"]}]},{\"@type\":\"ImageObject\",\"inLanguage\":\"fr-FR\",\"@id\":\"https:\\\/\\\/www.stylmar.be\\\/zwart-wit\\\/#primaryimage\",\"url\":\"https:\\\/\\\/www.stylmar.be\\\/wp-content\\\/uploads\\\/2022\\\/07\\\/Zwart-wit_.webp\",\"contentUrl\":\"https:\\\/\\\/www.stylmar.be\\\/wp-content\\\/uploads\\\/2022\\\/07\\\/Zwart-wit_.webp\"},{\"@type\":\"BreadcrumbList\",\"@id\":\"https:\\\/\\\/www.stylmar.be\\\/zwart-wit\\\/#breadcrumb\",\"itemListElement\":[{\"@type\":\"ListItem\",\"position\":1,\"name\":\"Home\",\"item\":\"https:\\\/\\\/www.stylmar.be\\\/\"},{\"@type\":\"ListItem\",\"position\":2,\"name\":\"Noir et blanc\"}]},{\"@type\":\"WebSite\",\"@id\":\"https:\\\/\\\/www.stylmar.be\\\/#website\",\"url\":\"https:\\\/\\\/www.stylmar.be\\\/\",\"name\":\"Stylmar\",\"description\":\"Artisanaal Belgisch Maatwerk\",\"potentialAction\":[{\"@type\":\"SearchAction\",\"target\":{\"@type\":\"EntryPoint\",\"urlTemplate\":\"https:\\\/\\\/www.stylmar.be\\\/?s={search_term_string}\"},\"query-input\":{\"@type\":\"PropertyValueSpecification\",\"valueRequired\":true,\"valueName\":\"search_term_string\"}}],\"inLanguage\":\"fr-FR\"}]}<\/script>\n<!-- \/ Yoast SEO plugin. -->","yoast_head_json":{"title":"Noir et blanc - Stylmar","robots":{"index":"index","follow":"follow","max-snippet":"max-snippet:-1","max-image-preview":"max-image-preview:large","max-video-preview":"max-video-preview:-1"},"canonical":"https:\/\/www.stylmar.be\/zwart-wit\/","og_locale":"fr_FR","og_type":"article","og_title":"Noir et blanc - Stylmar","og_description":"Noir et blanc Lorsque le bois re\u00e7oit une finition noire, une toute nouvelle approche est cr\u00e9\u00e9e. Les d\u00e9tails tels que les grains de bois, les profils et les traverses sont agrandis. Vous obtenez un beau et subtil jeu d&rsquo;ombre et de lumi\u00e8re. Ce concept noir et blanc a \u00e9t\u00e9 compl\u00e9t\u00e9 par des parquets en bois &hellip; Continue reading \"Noir et blanc\"","og_url":"https:\/\/www.stylmar.be\/zwart-wit\/","og_site_name":"Stylmar","article_modified_time":"2022-08-29T09:22:30+00:00","og_image":[{"url":"https:\/\/www.stylmar.be\/wp-content\/uploads\/2022\/07\/Zwart-wit_.webp","type":"","width":"","height":""}],"twitter_card":"summary_large_image","schema":{"@context":"https:\/\/schema.org","@graph":[{"@type":"WebPage","@id":"https:\/\/www.stylmar.be\/zwart-wit\/","url":"https:\/\/www.stylmar.be\/zwart-wit\/","name":"Noir et blanc - Stylmar","isPartOf":{"@id":"https:\/\/www.stylmar.be\/#website"},"primaryImageOfPage":{"@id":"https:\/\/www.stylmar.be\/zwart-wit\/#primaryimage"},"image":{"@id":"https:\/\/www.stylmar.be\/zwart-wit\/#primaryimage"},"thumbnailUrl":"https:\/\/www.stylmar.be\/wp-content\/uploads\/2022\/07\/Zwart-wit_.webp","datePublished":"2022-07-28T10:23:32+00:00","dateModified":"2022-08-29T09:22:30+00:00","breadcrumb":{"@id":"https:\/\/www.stylmar.be\/zwart-wit\/#breadcrumb"},"inLanguage":"fr-FR","potentialAction":[{"@type":"ReadAction","target":["https:\/\/www.stylmar.be\/zwart-wit\/"]}]},{"@type":"ImageObject","inLanguage":"fr-FR","@id":"https:\/\/www.stylmar.be\/zwart-wit\/#primaryimage","url":"https:\/\/www.stylmar.be\/wp-content\/uploads\/2022\/07\/Zwart-wit_.webp","contentUrl":"https:\/\/www.stylmar.be\/wp-content\/uploads\/2022\/07\/Zwart-wit_.webp"},{"@type":"BreadcrumbList","@id":"https:\/\/www.stylmar.be\/zwart-wit\/#breadcrumb","itemListElement":[{"@type":"ListItem","position":1,"name":"Home","item":"https:\/\/www.stylmar.be\/"},{"@type":"ListItem","position":2,"name":"Noir et blanc"}]},{"@type":"WebSite","@id":"https:\/\/www.stylmar.be\/#website","url":"https:\/\/www.stylmar.be\/","name":"Stylmar","description":"Artisanaal Belgisch Maatwerk","potentialAction":[{"@type":"SearchAction","target":{"@type":"EntryPoint","urlTemplate":"https:\/\/www.stylmar.be\/?s={search_term_string}"},"query-input":{"@type":"PropertyValueSpecification","valueRequired":true,"valueName":"search_term_string"}}],"inLanguage":"fr-FR"}]}},"_links":{"self":[{"href":"https:\/\/www.stylmar.be\/fr\/wp-json\/wp\/v2\/pages\/1944","targetHints":{"allow":["GET"]}}],"collection":[{"href":"https:\/\/www.stylmar.be\/fr\/wp-json\/wp\/v2\/pages"}],"about":[{"href":"https:\/\/www.stylmar.be\/fr\/wp-json\/wp\/v2\/types\/page"}],"author":[{"embeddable":true,"href":"https:\/\/www.stylmar.be\/fr\/wp-json\/wp\/v2\/users\/1"}],"replies":[{"embeddable":true,"href":"https:\/\/www.stylmar.be\/fr\/wp-json\/wp\/v2\/comments?post=1944"}],"version-history":[{"count":0,"href":"https:\/\/www.stylmar.be\/fr\/wp-json\/wp\/v2\/pages\/1944\/revisions"}],"wp:attachment":[{"href":"https:\/\/www.stylmar.be\/fr\/wp-json\/wp\/v2\/media?parent=1944"}],"curies":[{"name":"wp","href":"https:\/\/api.w.org\/{rel}","templated":true}]}}