{"id":1940,"date":"2022-07-28T10:44:06","date_gmt":"2022-07-28T10:44:06","guid":{"rendered":"https:\/\/www.stylmar.be\/blanc-blanc-blanc\/"},"modified":"2022-08-29T09:39:34","modified_gmt":"2022-08-29T09:39:34","slug":"blanc-blanc-blanc","status":"publish","type":"page","link":"https:\/\/www.stylmar.be\/fr\/blanc-blanc-blanc\/","title":{"rendered":"Blanc, blanc, blanc&#8230;"},"content":{"rendered":"\t\t<div data-elementor-type=\"wp-page\" data-elementor-id=\"1940\" class=\"elementor elementor-1940\" data-elementor-post-type=\"page\">\n\t\t\t\t\t\t<section class=\"elementor-section elementor-top-section elementor-element elementor-element-686dcdf elementor-reverse-mobile elementor-section-boxed elementor-section-height-default elementor-section-height-default\" data-id=\"686dcdf\" data-element_type=\"section\" data-e-type=\"section\">\n\t\t\t\t\t\t<div class=\"elementor-container elementor-column-gap-default\">\n\t\t\t\t\t<div class=\"elementor-column elementor-col-50 elementor-top-column elementor-element elementor-element-3385605\" data-id=\"3385605\" data-element_type=\"column\" data-e-type=\"column\">\n\t\t\t<div class=\"elementor-widget-wrap elementor-element-populated\">\n\t\t\t\t\t\t<div class=\"elementor-element elementor-element-0ad32aa elementor-widget elementor-widget-image\" data-id=\"0ad32aa\" data-element_type=\"widget\" data-e-type=\"widget\" data-widget_type=\"image.default\">\n\t\t\t\t<div class=\"elementor-widget-container\">\n\t\t\t\t\t\t\t\t\t\t\t\t\t\t\t<img fetchpriority=\"high\" decoding=\"async\" width=\"640\" height=\"852\" src=\"https:\/\/www.stylmar.be\/wp-content\/uploads\/2022\/07\/Wit-wit-wit_.webp\" class=\"attachment-large size-large wp-image-1499\" alt=\"\" srcset=\"https:\/\/www.stylmar.be\/wp-content\/uploads\/2022\/07\/Wit-wit-wit_.webp 640w, https:\/\/www.stylmar.be\/wp-content\/uploads\/2022\/07\/Wit-wit-wit_-225x300.webp 225w\" sizes=\"(max-width: 640px) 85vw, 640px\" \/>\t\t\t\t\t\t\t\t\t\t\t\t\t\t\t<\/div>\n\t\t\t\t<\/div>\n\t\t\t\t\t<\/div>\n\t\t<\/div>\n\t\t\t\t<div class=\"elementor-column elementor-col-50 elementor-top-column elementor-element elementor-element-7e9c5c8\" data-id=\"7e9c5c8\" data-element_type=\"column\" data-e-type=\"column\" data-settings=\"{&quot;background_background&quot;:&quot;classic&quot;}\">\n\t\t\t<div class=\"elementor-widget-wrap elementor-element-populated\">\n\t\t\t\t\t\t<div class=\"elementor-element elementor-element-1ecfe2d elementor-widget elementor-widget-text-editor\" data-id=\"1ecfe2d\" data-element_type=\"widget\" data-e-type=\"widget\" data-widget_type=\"text-editor.default\">\n\t\t\t\t<div class=\"elementor-widget-container\">\n\t\t\t\t\t\t\t\t\t<h4>Blanc, blanc, blanc&#8230; <\/h4><p>Lorsque les murs et les meubles sont tous deux blancs, les objets de d\u00e9coration retiennent toute l&rsquo;attention.<br>Il est alors important que l&rsquo;am\u00e9nagement de la cuisine, de la salle de bain, du meuble TV, etc. reste le plus simple possible. C&rsquo;est ainsi que ce projet a pris forme. Nos portes plates, mod\u00e8le &lsquo;Futura&rsquo;, sont id\u00e9ales pour cette vision. Avec notre service commercial, tout est revu en d\u00e9tail et mis en place pour que vous obteniez le r\u00e9sultat dont vous r\u00eavez.<\/p>\t\t\t\t\t\t\t\t<\/div>\n\t\t\t\t<\/div>\n\t\t\t\t<div class=\"elementor-element elementor-element-a5baefd elementor-align-left elementor-widget elementor-widget-button\" data-id=\"a5baefd\" data-element_type=\"widget\" data-e-type=\"widget\" data-widget_type=\"button.default\">\n\t\t\t\t<div class=\"elementor-widget-container\">\n\t\t\t\t\t\t\t\t\t<div class=\"elementor-button-wrapper\">\n\t\t\t\t\t<a class=\"elementor-button elementor-button-link elementor-size-sm\" href=\"https:\/\/www.stylmar.be\/fr\/projets-totaux\/\">\n\t\t\t\t\t\t<span class=\"elementor-button-content-wrapper\">\n\t\t\t\t\t\t<span class=\"elementor-button-icon\">\n\t\t\t\t<i aria-hidden=\"true\" class=\"fas fa-caret-left\"><\/i>\t\t\t<\/span>\n\t\t\t\t\t\t\t\t\t<span class=\"elementor-button-text\">Retour<\/span>\n\t\t\t\t\t<\/span>\n\t\t\t\t\t<\/a>\n\t\t\t\t<\/div>\n\t\t\t\t\t\t\t\t<\/div>\n\t\t\t\t<\/div>\n\t\t\t\t\t<\/div>\n\t\t<\/div>\n\t\t\t\t\t<\/div>\n\t\t<\/section>\n\t\t\t\t<section class=\"elementor-section elementor-top-section elementor-element elementor-element-3ef6ef8 elementor-section-boxed elementor-section-height-default elementor-section-height-default\" data-id=\"3ef6ef8\" data-element_type=\"section\" data-e-type=\"section\">\n\t\t\t\t\t\t<div class=\"elementor-container elementor-column-gap-default\">\n\t\t\t\t\t<div class=\"elementor-column elementor-col-100 elementor-top-column elementor-element elementor-element-f648465\" data-id=\"f648465\" data-element_type=\"column\" data-e-type=\"column\" data-settings=\"{&quot;background_background&quot;:&quot;classic&quot;}\">\n\t\t\t<div class=\"elementor-widget-wrap elementor-element-populated\">\n\t\t\t\t\t\t<div class=\"elementor-element elementor-element-0dfe5bb elementor-widget elementor-widget-gallery\" data-id=\"0dfe5bb\" data-element_type=\"widget\" data-e-type=\"widget\" data-settings=\"{&quot;gap&quot;:{&quot;unit&quot;:&quot;px&quot;,&quot;size&quot;:30,&quot;sizes&quot;:[]},&quot;aspect_ratio&quot;:&quot;4:3&quot;,&quot;columns_tablet&quot;:3,&quot;columns_mobile&quot;:2,&quot;gap_tablet&quot;:{&quot;unit&quot;:&quot;px&quot;,&quot;size&quot;:20,&quot;sizes&quot;:[]},&quot;lazyload&quot;:&quot;yes&quot;,&quot;gallery_layout&quot;:&quot;grid&quot;,&quot;columns&quot;:4,&quot;gap_mobile&quot;:{&quot;unit&quot;:&quot;px&quot;,&quot;size&quot;:10,&quot;sizes&quot;:[]},&quot;link_to&quot;:&quot;file&quot;,&quot;overlay_background&quot;:&quot;yes&quot;,&quot;content_hover_animation&quot;:&quot;fade-in&quot;}\" data-widget_type=\"gallery.default\">\n\t\t\t\t<div class=\"elementor-widget-container\">\n\t\t\t\t\t\t\t<div class=\"elementor-gallery__container\">\n\t\t\t\t\t\t\t<a class=\"e-gallery-item elementor-gallery-item elementor-animated-content\" href=\"https:\/\/www.stylmar.be\/wp-content\/uploads\/2022\/08\/Wit-wit-wit_01.jpg\" data-elementor-open-lightbox=\"yes\" data-elementor-lightbox-slideshow=\"0dfe5bb\" data-elementor-lightbox-title=\"Wit, wit, wit_01\" data-e-action-hash=\"#elementor-action%3Aaction%3Dlightbox%26settings%3DeyJpZCI6MzYxMSwidXJsIjoiaHR0cHM6XC9cL3d3dy5zdHlsbWFyLmJlXC93cC1jb250ZW50XC91cGxvYWRzXC8yMDIyXC8wOFwvV2l0LXdpdC13aXRfMDEuanBnIiwic2xpZGVzaG93IjoiMGRmZTViYiJ9\">\n\t\t\t\t\t<div class=\"e-gallery-image elementor-gallery-item__image\" data-thumbnail=\"https:\/\/www.stylmar.be\/wp-content\/uploads\/2022\/08\/Wit-wit-wit_01-768x576.jpg\" data-width=\"768\" data-height=\"576\" aria-label=\"\" role=\"img\" ><\/div>\n\t\t\t\t\t\t\t\t\t\t\t<div class=\"elementor-gallery-item__overlay\"><\/div>\n\t\t\t\t\t\t\t\t\t\t\t\t\t\t<\/a>\n\t\t\t\t\t\t\t<a class=\"e-gallery-item elementor-gallery-item elementor-animated-content\" href=\"https:\/\/www.stylmar.be\/wp-content\/uploads\/2022\/08\/Wit-wit-wit_09.jpg\" data-elementor-open-lightbox=\"yes\" data-elementor-lightbox-slideshow=\"0dfe5bb\" data-elementor-lightbox-title=\"Wit, wit, wit_09\" data-e-action-hash=\"#elementor-action%3Aaction%3Dlightbox%26settings%3DeyJpZCI6MzYzMiwidXJsIjoiaHR0cHM6XC9cL3d3dy5zdHlsbWFyLmJlXC93cC1jb250ZW50XC91cGxvYWRzXC8yMDIyXC8wOFwvV2l0LXdpdC13aXRfMDkuanBnIiwic2xpZGVzaG93IjoiMGRmZTViYiJ9\">\n\t\t\t\t\t<div class=\"e-gallery-image elementor-gallery-item__image\" data-thumbnail=\"https:\/\/www.stylmar.be\/wp-content\/uploads\/2022\/08\/Wit-wit-wit_09-768x576.jpg\" data-width=\"768\" data-height=\"576\" aria-label=\"\" role=\"img\" ><\/div>\n\t\t\t\t\t\t\t\t\t\t\t<div class=\"elementor-gallery-item__overlay\"><\/div>\n\t\t\t\t\t\t\t\t\t\t\t\t\t\t<\/a>\n\t\t\t\t\t\t\t<a class=\"e-gallery-item elementor-gallery-item elementor-animated-content\" href=\"https:\/\/www.stylmar.be\/wp-content\/uploads\/2022\/08\/Wit-wit-wit_08.jpg\" data-elementor-open-lightbox=\"yes\" data-elementor-lightbox-slideshow=\"0dfe5bb\" data-elementor-lightbox-title=\"Wit, wit, wit_08\" data-e-action-hash=\"#elementor-action%3Aaction%3Dlightbox%26settings%3DeyJpZCI6MzYyOSwidXJsIjoiaHR0cHM6XC9cL3d3dy5zdHlsbWFyLmJlXC93cC1jb250ZW50XC91cGxvYWRzXC8yMDIyXC8wOFwvV2l0LXdpdC13aXRfMDguanBnIiwic2xpZGVzaG93IjoiMGRmZTViYiJ9\">\n\t\t\t\t\t<div class=\"e-gallery-image elementor-gallery-item__image\" data-thumbnail=\"https:\/\/www.stylmar.be\/wp-content\/uploads\/2022\/08\/Wit-wit-wit_08-768x576.jpg\" data-width=\"768\" data-height=\"576\" aria-label=\"\" role=\"img\" ><\/div>\n\t\t\t\t\t\t\t\t\t\t\t<div class=\"elementor-gallery-item__overlay\"><\/div>\n\t\t\t\t\t\t\t\t\t\t\t\t\t\t<\/a>\n\t\t\t\t\t\t\t<a class=\"e-gallery-item elementor-gallery-item elementor-animated-content\" href=\"https:\/\/www.stylmar.be\/wp-content\/uploads\/2022\/08\/Wit-wit-wit_06.jpg\" data-elementor-open-lightbox=\"yes\" data-elementor-lightbox-slideshow=\"0dfe5bb\" data-elementor-lightbox-title=\"Wit, wit, wit_06\" data-e-action-hash=\"#elementor-action%3Aaction%3Dlightbox%26settings%3DeyJpZCI6MzYyNiwidXJsIjoiaHR0cHM6XC9cL3d3dy5zdHlsbWFyLmJlXC93cC1jb250ZW50XC91cGxvYWRzXC8yMDIyXC8wOFwvV2l0LXdpdC13aXRfMDYuanBnIiwic2xpZGVzaG93IjoiMGRmZTViYiJ9\">\n\t\t\t\t\t<div class=\"e-gallery-image elementor-gallery-item__image\" data-thumbnail=\"https:\/\/www.stylmar.be\/wp-content\/uploads\/2022\/08\/Wit-wit-wit_06-768x576.jpg\" data-width=\"768\" data-height=\"576\" aria-label=\"\" role=\"img\" ><\/div>\n\t\t\t\t\t\t\t\t\t\t\t<div class=\"elementor-gallery-item__overlay\"><\/div>\n\t\t\t\t\t\t\t\t\t\t\t\t\t\t<\/a>\n\t\t\t\t\t\t\t<a class=\"e-gallery-item elementor-gallery-item elementor-animated-content\" href=\"https:\/\/www.stylmar.be\/wp-content\/uploads\/2022\/08\/Wit-wit-wit_05.jpg\" data-elementor-open-lightbox=\"yes\" data-elementor-lightbox-slideshow=\"0dfe5bb\" data-elementor-lightbox-title=\"Wit, wit, wit_05\" data-e-action-hash=\"#elementor-action%3Aaction%3Dlightbox%26settings%3DeyJpZCI6MzYyMywidXJsIjoiaHR0cHM6XC9cL3d3dy5zdHlsbWFyLmJlXC93cC1jb250ZW50XC91cGxvYWRzXC8yMDIyXC8wOFwvV2l0LXdpdC13aXRfMDUuanBnIiwic2xpZGVzaG93IjoiMGRmZTViYiJ9\">\n\t\t\t\t\t<div class=\"e-gallery-image elementor-gallery-item__image\" data-thumbnail=\"https:\/\/www.stylmar.be\/wp-content\/uploads\/2022\/08\/Wit-wit-wit_05-768x614.jpg\" data-width=\"768\" data-height=\"614\" aria-label=\"\" role=\"img\" ><\/div>\n\t\t\t\t\t\t\t\t\t\t\t<div class=\"elementor-gallery-item__overlay\"><\/div>\n\t\t\t\t\t\t\t\t\t\t\t\t\t\t<\/a>\n\t\t\t\t\t\t\t<a class=\"e-gallery-item elementor-gallery-item elementor-animated-content\" href=\"https:\/\/www.stylmar.be\/wp-content\/uploads\/2022\/08\/Wit-wit-wit_04.jpg\" data-elementor-open-lightbox=\"yes\" data-elementor-lightbox-slideshow=\"0dfe5bb\" data-elementor-lightbox-title=\"Wit, wit, wit_04\" data-e-action-hash=\"#elementor-action%3Aaction%3Dlightbox%26settings%3DeyJpZCI6MzYyMCwidXJsIjoiaHR0cHM6XC9cL3d3dy5zdHlsbWFyLmJlXC93cC1jb250ZW50XC91cGxvYWRzXC8yMDIyXC8wOFwvV2l0LXdpdC13aXRfMDQuanBnIiwic2xpZGVzaG93IjoiMGRmZTViYiJ9\">\n\t\t\t\t\t<div class=\"e-gallery-image elementor-gallery-item__image\" data-thumbnail=\"https:\/\/www.stylmar.be\/wp-content\/uploads\/2022\/08\/Wit-wit-wit_04-768x576.jpg\" data-width=\"768\" data-height=\"576\" aria-label=\"\" role=\"img\" ><\/div>\n\t\t\t\t\t\t\t\t\t\t\t<div class=\"elementor-gallery-item__overlay\"><\/div>\n\t\t\t\t\t\t\t\t\t\t\t\t\t\t<\/a>\n\t\t\t\t\t\t\t<a class=\"e-gallery-item elementor-gallery-item elementor-animated-content\" href=\"https:\/\/www.stylmar.be\/wp-content\/uploads\/2022\/08\/Wit-wit-wit_03.jpg\" data-elementor-open-lightbox=\"yes\" data-elementor-lightbox-slideshow=\"0dfe5bb\" data-elementor-lightbox-title=\"Wit, wit, wit_03\" data-e-action-hash=\"#elementor-action%3Aaction%3Dlightbox%26settings%3DeyJpZCI6MzYxNywidXJsIjoiaHR0cHM6XC9cL3d3dy5zdHlsbWFyLmJlXC93cC1jb250ZW50XC91cGxvYWRzXC8yMDIyXC8wOFwvV2l0LXdpdC13aXRfMDMuanBnIiwic2xpZGVzaG93IjoiMGRmZTViYiJ9\">\n\t\t\t\t\t<div class=\"e-gallery-image elementor-gallery-item__image\" data-thumbnail=\"https:\/\/www.stylmar.be\/wp-content\/uploads\/2022\/08\/Wit-wit-wit_03-768x554.jpg\" data-width=\"768\" data-height=\"554\" aria-label=\"\" role=\"img\" ><\/div>\n\t\t\t\t\t\t\t\t\t\t\t<div class=\"elementor-gallery-item__overlay\"><\/div>\n\t\t\t\t\t\t\t\t\t\t\t\t\t\t<\/a>\n\t\t\t\t\t\t\t<a class=\"e-gallery-item elementor-gallery-item elementor-animated-content\" href=\"https:\/\/www.stylmar.be\/wp-content\/uploads\/2022\/08\/Wit-wit-wit_02.jpg\" data-elementor-open-lightbox=\"yes\" data-elementor-lightbox-slideshow=\"0dfe5bb\" data-elementor-lightbox-title=\"Wit, wit, wit_02\" data-e-action-hash=\"#elementor-action%3Aaction%3Dlightbox%26settings%3DeyJpZCI6MzYxNCwidXJsIjoiaHR0cHM6XC9cL3d3dy5zdHlsbWFyLmJlXC93cC1jb250ZW50XC91cGxvYWRzXC8yMDIyXC8wOFwvV2l0LXdpdC13aXRfMDIuanBnIiwic2xpZGVzaG93IjoiMGRmZTViYiJ9\">\n\t\t\t\t\t<div class=\"e-gallery-image elementor-gallery-item__image\" data-thumbnail=\"https:\/\/www.stylmar.be\/wp-content\/uploads\/2022\/08\/Wit-wit-wit_02-768x576.jpg\" data-width=\"768\" data-height=\"576\" aria-label=\"\" role=\"img\" ><\/div>\n\t\t\t\t\t\t\t\t\t\t\t<div class=\"elementor-gallery-item__overlay\"><\/div>\n\t\t\t\t\t\t\t\t\t\t\t\t\t\t<\/a>\n\t\t\t\t\t<\/div>\n\t\t\t\t\t<\/div>\n\t\t\t\t<\/div>\n\t\t\t\t\t<\/div>\n\t\t<\/div>\n\t\t\t\t\t<\/div>\n\t\t<\/section>\n\t\t\t\t<\/div>\n\t\t","protected":false},"excerpt":{"rendered":"<p>Blanc, blanc, blanc&#8230; Lorsque les murs et les meubles sont tous deux blancs, les objets de d\u00e9coration retiennent toute l&rsquo;attention.Il est alors important que l&rsquo;am\u00e9nagement de la cuisine, de la salle de bain, du meuble TV, etc. reste le plus simple possible. C&rsquo;est ainsi que ce projet a pris forme. Nos portes plates, mod\u00e8le &lsquo;Futura&rsquo;, &hellip; <a href=\"https:\/\/www.stylmar.be\/fr\/blanc-blanc-blanc\/\" class=\"more-link\">Continue reading<span class=\"screen-reader-text\"> \u00ab\u00a0Blanc, blanc, blanc&#8230;\u00a0\u00bb<\/span><\/a><\/p>\n","protected":false},"author":1,"featured_media":0,"parent":0,"menu_order":0,"comment_status":"closed","ping_status":"closed","template":"elementor_header_footer","meta":{"_acf_changed":false,"_monsterinsights_skip_tracking":false,"_monsterinsights_sitenote_active":false,"_monsterinsights_sitenote_note":"","_monsterinsights_sitenote_category":0,"footnotes":""},"class_list":["post-1940","page","type-page","status-publish","hentry"],"acf":[],"aioseo_notices":[],"yoast_head":"<!-- This site is optimized with the Yoast SEO plugin v27.5 - https:\/\/yoast.com\/product\/yoast-seo-wordpress\/ -->\n<title>Blanc, blanc, blanc... - Stylmar<\/title>\n<meta name=\"robots\" content=\"index, follow, max-snippet:-1, max-image-preview:large, max-video-preview:-1\" \/>\n<link rel=\"canonical\" href=\"https:\/\/www.stylmar.be\/wit-wit-wit\/\" \/>\n<meta property=\"og:locale\" content=\"fr_FR\" \/>\n<meta property=\"og:type\" content=\"article\" \/>\n<meta property=\"og:title\" content=\"Blanc, blanc, blanc... - Stylmar\" \/>\n<meta property=\"og:description\" content=\"Blanc, blanc, blanc&#8230; Lorsque les murs et les meubles sont tous deux blancs, les objets de d\u00e9coration retiennent toute l&rsquo;attention.Il est alors important que l&rsquo;am\u00e9nagement de la cuisine, de la salle de bain, du meuble TV, etc. reste le plus simple possible. C&rsquo;est ainsi que ce projet a pris forme. Nos portes plates, mod\u00e8le &lsquo;Futura&rsquo;, &hellip; Continue reading &quot;Blanc, blanc, blanc&#8230;&quot;\" \/>\n<meta property=\"og:url\" content=\"https:\/\/www.stylmar.be\/wit-wit-wit\/\" \/>\n<meta property=\"og:site_name\" content=\"Stylmar\" \/>\n<meta property=\"article:modified_time\" content=\"2022-08-29T09:39:34+00:00\" \/>\n<meta property=\"og:image\" content=\"https:\/\/www.stylmar.be\/wp-content\/uploads\/2022\/07\/Wit-wit-wit_.webp\" \/>\n<meta name=\"twitter:card\" content=\"summary_large_image\" \/>\n<script type=\"application\/ld+json\" class=\"yoast-schema-graph\">{\"@context\":\"https:\\\/\\\/schema.org\",\"@graph\":[{\"@type\":\"WebPage\",\"@id\":\"https:\\\/\\\/www.stylmar.be\\\/wit-wit-wit\\\/\",\"url\":\"https:\\\/\\\/www.stylmar.be\\\/wit-wit-wit\\\/\",\"name\":\"Blanc, blanc, blanc... - Stylmar\",\"isPartOf\":{\"@id\":\"https:\\\/\\\/www.stylmar.be\\\/#website\"},\"primaryImageOfPage\":{\"@id\":\"https:\\\/\\\/www.stylmar.be\\\/wit-wit-wit\\\/#primaryimage\"},\"image\":{\"@id\":\"https:\\\/\\\/www.stylmar.be\\\/wit-wit-wit\\\/#primaryimage\"},\"thumbnailUrl\":\"https:\\\/\\\/www.stylmar.be\\\/wp-content\\\/uploads\\\/2022\\\/07\\\/Wit-wit-wit_.webp\",\"datePublished\":\"2022-07-28T10:44:06+00:00\",\"dateModified\":\"2022-08-29T09:39:34+00:00\",\"breadcrumb\":{\"@id\":\"https:\\\/\\\/www.stylmar.be\\\/wit-wit-wit\\\/#breadcrumb\"},\"inLanguage\":\"fr-FR\",\"potentialAction\":[{\"@type\":\"ReadAction\",\"target\":[\"https:\\\/\\\/www.stylmar.be\\\/wit-wit-wit\\\/\"]}]},{\"@type\":\"ImageObject\",\"inLanguage\":\"fr-FR\",\"@id\":\"https:\\\/\\\/www.stylmar.be\\\/wit-wit-wit\\\/#primaryimage\",\"url\":\"https:\\\/\\\/www.stylmar.be\\\/wp-content\\\/uploads\\\/2022\\\/07\\\/Wit-wit-wit_.webp\",\"contentUrl\":\"https:\\\/\\\/www.stylmar.be\\\/wp-content\\\/uploads\\\/2022\\\/07\\\/Wit-wit-wit_.webp\"},{\"@type\":\"BreadcrumbList\",\"@id\":\"https:\\\/\\\/www.stylmar.be\\\/wit-wit-wit\\\/#breadcrumb\",\"itemListElement\":[{\"@type\":\"ListItem\",\"position\":1,\"name\":\"Home\",\"item\":\"https:\\\/\\\/www.stylmar.be\\\/\"},{\"@type\":\"ListItem\",\"position\":2,\"name\":\"Blanc, blanc, blanc&#8230;\"}]},{\"@type\":\"WebSite\",\"@id\":\"https:\\\/\\\/www.stylmar.be\\\/#website\",\"url\":\"https:\\\/\\\/www.stylmar.be\\\/\",\"name\":\"Stylmar\",\"description\":\"Artisanaal Belgisch Maatwerk\",\"potentialAction\":[{\"@type\":\"SearchAction\",\"target\":{\"@type\":\"EntryPoint\",\"urlTemplate\":\"https:\\\/\\\/www.stylmar.be\\\/?s={search_term_string}\"},\"query-input\":{\"@type\":\"PropertyValueSpecification\",\"valueRequired\":true,\"valueName\":\"search_term_string\"}}],\"inLanguage\":\"fr-FR\"}]}<\/script>\n<!-- \/ Yoast SEO plugin. -->","yoast_head_json":{"title":"Blanc, blanc, blanc... - Stylmar","robots":{"index":"index","follow":"follow","max-snippet":"max-snippet:-1","max-image-preview":"max-image-preview:large","max-video-preview":"max-video-preview:-1"},"canonical":"https:\/\/www.stylmar.be\/wit-wit-wit\/","og_locale":"fr_FR","og_type":"article","og_title":"Blanc, blanc, blanc... - Stylmar","og_description":"Blanc, blanc, blanc&#8230; Lorsque les murs et les meubles sont tous deux blancs, les objets de d\u00e9coration retiennent toute l&rsquo;attention.Il est alors important que l&rsquo;am\u00e9nagement de la cuisine, de la salle de bain, du meuble TV, etc. reste le plus simple possible. C&rsquo;est ainsi que ce projet a pris forme. Nos portes plates, mod\u00e8le &lsquo;Futura&rsquo;, &hellip; Continue reading \"Blanc, blanc, blanc&#8230;\"","og_url":"https:\/\/www.stylmar.be\/wit-wit-wit\/","og_site_name":"Stylmar","article_modified_time":"2022-08-29T09:39:34+00:00","og_image":[{"url":"https:\/\/www.stylmar.be\/wp-content\/uploads\/2022\/07\/Wit-wit-wit_.webp","type":"","width":"","height":""}],"twitter_card":"summary_large_image","schema":{"@context":"https:\/\/schema.org","@graph":[{"@type":"WebPage","@id":"https:\/\/www.stylmar.be\/wit-wit-wit\/","url":"https:\/\/www.stylmar.be\/wit-wit-wit\/","name":"Blanc, blanc, blanc... - Stylmar","isPartOf":{"@id":"https:\/\/www.stylmar.be\/#website"},"primaryImageOfPage":{"@id":"https:\/\/www.stylmar.be\/wit-wit-wit\/#primaryimage"},"image":{"@id":"https:\/\/www.stylmar.be\/wit-wit-wit\/#primaryimage"},"thumbnailUrl":"https:\/\/www.stylmar.be\/wp-content\/uploads\/2022\/07\/Wit-wit-wit_.webp","datePublished":"2022-07-28T10:44:06+00:00","dateModified":"2022-08-29T09:39:34+00:00","breadcrumb":{"@id":"https:\/\/www.stylmar.be\/wit-wit-wit\/#breadcrumb"},"inLanguage":"fr-FR","potentialAction":[{"@type":"ReadAction","target":["https:\/\/www.stylmar.be\/wit-wit-wit\/"]}]},{"@type":"ImageObject","inLanguage":"fr-FR","@id":"https:\/\/www.stylmar.be\/wit-wit-wit\/#primaryimage","url":"https:\/\/www.stylmar.be\/wp-content\/uploads\/2022\/07\/Wit-wit-wit_.webp","contentUrl":"https:\/\/www.stylmar.be\/wp-content\/uploads\/2022\/07\/Wit-wit-wit_.webp"},{"@type":"BreadcrumbList","@id":"https:\/\/www.stylmar.be\/wit-wit-wit\/#breadcrumb","itemListElement":[{"@type":"ListItem","position":1,"name":"Home","item":"https:\/\/www.stylmar.be\/"},{"@type":"ListItem","position":2,"name":"Blanc, blanc, blanc&#8230;"}]},{"@type":"WebSite","@id":"https:\/\/www.stylmar.be\/#website","url":"https:\/\/www.stylmar.be\/","name":"Stylmar","description":"Artisanaal Belgisch Maatwerk","potentialAction":[{"@type":"SearchAction","target":{"@type":"EntryPoint","urlTemplate":"https:\/\/www.stylmar.be\/?s={search_term_string}"},"query-input":{"@type":"PropertyValueSpecification","valueRequired":true,"valueName":"search_term_string"}}],"inLanguage":"fr-FR"}]}},"_links":{"self":[{"href":"https:\/\/www.stylmar.be\/fr\/wp-json\/wp\/v2\/pages\/1940","targetHints":{"allow":["GET"]}}],"collection":[{"href":"https:\/\/www.stylmar.be\/fr\/wp-json\/wp\/v2\/pages"}],"about":[{"href":"https:\/\/www.stylmar.be\/fr\/wp-json\/wp\/v2\/types\/page"}],"author":[{"embeddable":true,"href":"https:\/\/www.stylmar.be\/fr\/wp-json\/wp\/v2\/users\/1"}],"replies":[{"embeddable":true,"href":"https:\/\/www.stylmar.be\/fr\/wp-json\/wp\/v2\/comments?post=1940"}],"version-history":[{"count":0,"href":"https:\/\/www.stylmar.be\/fr\/wp-json\/wp\/v2\/pages\/1940\/revisions"}],"wp:attachment":[{"href":"https:\/\/www.stylmar.be\/fr\/wp-json\/wp\/v2\/media?parent=1940"}],"curies":[{"name":"wp","href":"https:\/\/api.w.org\/{rel}","templated":true}]}}