{"id":1899,"date":"2022-07-28T10:11:07","date_gmt":"2022-07-28T10:11:07","guid":{"rendered":"https:\/\/www.stylmar.be\/serre-a-lechelle-nationale\/"},"modified":"2022-08-29T09:04:48","modified_gmt":"2022-08-29T09:04:48","slug":"serre-a-lechelle-nationale","status":"publish","type":"page","link":"https:\/\/www.stylmar.be\/fr\/serre-a-lechelle-nationale\/","title":{"rendered":"Serr\u00e9 \u00e0 l&rsquo;\u00e9chelle nationale"},"content":{"rendered":"\t\t<div data-elementor-type=\"wp-page\" data-elementor-id=\"1899\" class=\"elementor elementor-1899\" data-elementor-post-type=\"page\">\n\t\t\t\t\t\t<section class=\"elementor-section elementor-top-section elementor-element elementor-element-d6e8cc1 elementor-reverse-mobile elementor-section-boxed elementor-section-height-default elementor-section-height-default\" data-id=\"d6e8cc1\" data-element_type=\"section\" data-e-type=\"section\">\n\t\t\t\t\t\t<div class=\"elementor-container elementor-column-gap-default\">\n\t\t\t\t\t<div class=\"elementor-column elementor-col-50 elementor-top-column elementor-element elementor-element-2459e5e\" data-id=\"2459e5e\" data-element_type=\"column\" data-e-type=\"column\">\n\t\t\t<div class=\"elementor-widget-wrap elementor-element-populated\">\n\t\t\t\t\t\t<div class=\"elementor-element elementor-element-247301a elementor-widget elementor-widget-image\" data-id=\"247301a\" data-element_type=\"widget\" data-e-type=\"widget\" data-widget_type=\"image.default\">\n\t\t\t\t<div class=\"elementor-widget-container\">\n\t\t\t\t\t\t\t\t\t\t\t\t\t\t\t<img fetchpriority=\"high\" decoding=\"async\" width=\"577\" height=\"768\" src=\"https:\/\/www.stylmar.be\/wp-content\/uploads\/2022\/07\/Landelijk-strak_.webp\" class=\"attachment-large size-large wp-image-1339\" alt=\"\" srcset=\"https:\/\/www.stylmar.be\/wp-content\/uploads\/2022\/07\/Landelijk-strak_.webp 577w, https:\/\/www.stylmar.be\/wp-content\/uploads\/2022\/07\/Landelijk-strak_-225x300.webp 225w\" sizes=\"(max-width: 577px) 85vw, 577px\" \/>\t\t\t\t\t\t\t\t\t\t\t\t\t\t\t<\/div>\n\t\t\t\t<\/div>\n\t\t\t\t\t<\/div>\n\t\t<\/div>\n\t\t\t\t<div class=\"elementor-column elementor-col-50 elementor-top-column elementor-element elementor-element-815eb70\" data-id=\"815eb70\" data-element_type=\"column\" data-e-type=\"column\" data-settings=\"{&quot;background_background&quot;:&quot;classic&quot;}\">\n\t\t\t<div class=\"elementor-widget-wrap elementor-element-populated\">\n\t\t\t\t\t\t<div class=\"elementor-element elementor-element-cd0eb6d elementor-widget elementor-widget-text-editor\" data-id=\"cd0eb6d\" data-element_type=\"widget\" data-e-type=\"widget\" data-widget_type=\"text-editor.default\">\n\t\t\t\t<div class=\"elementor-widget-container\">\n\t\t\t\t\t\t\t\t\t<h4>Serr\u00e9 \u00e0 l&rsquo;\u00e9chelle nationale<\/h4>\nUn style country est souvent caract\u00e9ris\u00e9 par des rainures verticales r\u00e9p\u00e9titives, que nous appelons g\u00e9n\u00e9ralement le mod\u00e8le \u00ab Lily \u00bb. \n\nUne belle pierre bleue compl\u00e8te l&rsquo;ensemble.\n\nLa combinaison d&rsquo;armoires en bois et d&rsquo;armoires laqu\u00e9es blanches souligne \u00e9galement l&rsquo;atmosph\u00e8re chaleureuse de la campagne.\n\nProfitez de ce joyau de simplicit\u00e9 et de tranquillit\u00e9.\t\t\t\t\t\t\t\t<\/div>\n\t\t\t\t<\/div>\n\t\t\t\t<div class=\"elementor-element elementor-element-5145a5f elementor-align-left elementor-widget elementor-widget-button\" data-id=\"5145a5f\" data-element_type=\"widget\" data-e-type=\"widget\" data-widget_type=\"button.default\">\n\t\t\t\t<div class=\"elementor-widget-container\">\n\t\t\t\t\t\t\t\t\t<div class=\"elementor-button-wrapper\">\n\t\t\t\t\t<a class=\"elementor-button elementor-button-link elementor-size-sm\" href=\"https:\/\/www.stylmar.be\/fr\/projets-totaux\/\">\n\t\t\t\t\t\t<span class=\"elementor-button-content-wrapper\">\n\t\t\t\t\t\t<span class=\"elementor-button-icon\">\n\t\t\t\t<i aria-hidden=\"true\" class=\"fas fa-caret-left\"><\/i>\t\t\t<\/span>\n\t\t\t\t\t\t\t\t\t<span class=\"elementor-button-text\">Retour<\/span>\n\t\t\t\t\t<\/span>\n\t\t\t\t\t<\/a>\n\t\t\t\t<\/div>\n\t\t\t\t\t\t\t\t<\/div>\n\t\t\t\t<\/div>\n\t\t\t\t\t<\/div>\n\t\t<\/div>\n\t\t\t\t\t<\/div>\n\t\t<\/section>\n\t\t\t\t<section class=\"elementor-section elementor-top-section elementor-element elementor-element-4a2b856 elementor-section-boxed elementor-section-height-default elementor-section-height-default\" data-id=\"4a2b856\" data-element_type=\"section\" data-e-type=\"section\">\n\t\t\t\t\t\t<div class=\"elementor-container elementor-column-gap-default\">\n\t\t\t\t\t<div class=\"elementor-column elementor-col-100 elementor-top-column elementor-element elementor-element-71efec1\" data-id=\"71efec1\" data-element_type=\"column\" data-e-type=\"column\" data-settings=\"{&quot;background_background&quot;:&quot;classic&quot;}\">\n\t\t\t<div class=\"elementor-widget-wrap elementor-element-populated\">\n\t\t\t\t\t\t<div class=\"elementor-element elementor-element-548ae21 elementor-widget elementor-widget-gallery\" data-id=\"548ae21\" data-element_type=\"widget\" data-e-type=\"widget\" data-settings=\"{&quot;gap&quot;:{&quot;unit&quot;:&quot;px&quot;,&quot;size&quot;:30,&quot;sizes&quot;:[]},&quot;aspect_ratio&quot;:&quot;4:3&quot;,&quot;columns_tablet&quot;:3,&quot;columns_mobile&quot;:2,&quot;gap_tablet&quot;:{&quot;unit&quot;:&quot;px&quot;,&quot;size&quot;:20,&quot;sizes&quot;:[]},&quot;lazyload&quot;:&quot;yes&quot;,&quot;gallery_layout&quot;:&quot;grid&quot;,&quot;columns&quot;:4,&quot;gap_mobile&quot;:{&quot;unit&quot;:&quot;px&quot;,&quot;size&quot;:10,&quot;sizes&quot;:[]},&quot;link_to&quot;:&quot;file&quot;,&quot;overlay_background&quot;:&quot;yes&quot;,&quot;content_hover_animation&quot;:&quot;fade-in&quot;}\" data-widget_type=\"gallery.default\">\n\t\t\t\t<div class=\"elementor-widget-container\">\n\t\t\t\t\t\t\t<div class=\"elementor-gallery__container\">\n\t\t\t\t\t\t\t<a class=\"e-gallery-item elementor-gallery-item elementor-animated-content\" href=\"https:\/\/www.stylmar.be\/wp-content\/uploads\/2022\/08\/Landelijk-strak_01.jpg\" data-elementor-open-lightbox=\"yes\" data-elementor-lightbox-slideshow=\"548ae21\" data-elementor-lightbox-title=\"Landelijk strak_01\" data-e-action-hash=\"#elementor-action%3Aaction%3Dlightbox%26settings%3DeyJpZCI6MzQ3MCwidXJsIjoiaHR0cHM6XC9cL3d3dy5zdHlsbWFyLmJlXC93cC1jb250ZW50XC91cGxvYWRzXC8yMDIyXC8wOFwvTGFuZGVsaWprLXN0cmFrXzAxLmpwZyIsInNsaWRlc2hvdyI6IjU0OGFlMjEifQ%3D%3D\">\n\t\t\t\t\t<div class=\"e-gallery-image elementor-gallery-item__image\" data-thumbnail=\"https:\/\/www.stylmar.be\/wp-content\/uploads\/2022\/08\/Landelijk-strak_01-768x576.jpg\" data-width=\"768\" data-height=\"576\" aria-label=\"\" role=\"img\" ><\/div>\n\t\t\t\t\t\t\t\t\t\t\t<div class=\"elementor-gallery-item__overlay\"><\/div>\n\t\t\t\t\t\t\t\t\t\t\t\t\t\t<\/a>\n\t\t\t\t\t\t\t<a class=\"e-gallery-item elementor-gallery-item elementor-animated-content\" href=\"https:\/\/www.stylmar.be\/wp-content\/uploads\/2022\/08\/Landelijk-strak_02.jpg\" data-elementor-open-lightbox=\"yes\" data-elementor-lightbox-slideshow=\"548ae21\" data-elementor-lightbox-title=\"Landelijk strak_02\" data-e-action-hash=\"#elementor-action%3Aaction%3Dlightbox%26settings%3DeyJpZCI6MzQ3MywidXJsIjoiaHR0cHM6XC9cL3d3dy5zdHlsbWFyLmJlXC93cC1jb250ZW50XC91cGxvYWRzXC8yMDIyXC8wOFwvTGFuZGVsaWprLXN0cmFrXzAyLmpwZyIsInNsaWRlc2hvdyI6IjU0OGFlMjEifQ%3D%3D\">\n\t\t\t\t\t<div class=\"e-gallery-image elementor-gallery-item__image\" data-thumbnail=\"https:\/\/www.stylmar.be\/wp-content\/uploads\/2022\/08\/Landelijk-strak_02-768x576.jpg\" data-width=\"768\" data-height=\"576\" aria-label=\"\" role=\"img\" ><\/div>\n\t\t\t\t\t\t\t\t\t\t\t<div class=\"elementor-gallery-item__overlay\"><\/div>\n\t\t\t\t\t\t\t\t\t\t\t\t\t\t<\/a>\n\t\t\t\t\t\t\t<a class=\"e-gallery-item elementor-gallery-item elementor-animated-content\" href=\"https:\/\/www.stylmar.be\/wp-content\/uploads\/2022\/08\/Landelijk-strak_03.jpg\" data-elementor-open-lightbox=\"yes\" data-elementor-lightbox-slideshow=\"548ae21\" data-elementor-lightbox-title=\"Landelijk strak_03\" data-e-action-hash=\"#elementor-action%3Aaction%3Dlightbox%26settings%3DeyJpZCI6MzQ3NiwidXJsIjoiaHR0cHM6XC9cL3d3dy5zdHlsbWFyLmJlXC93cC1jb250ZW50XC91cGxvYWRzXC8yMDIyXC8wOFwvTGFuZGVsaWprLXN0cmFrXzAzLmpwZyIsInNsaWRlc2hvdyI6IjU0OGFlMjEifQ%3D%3D\">\n\t\t\t\t\t<div class=\"e-gallery-image elementor-gallery-item__image\" data-thumbnail=\"https:\/\/www.stylmar.be\/wp-content\/uploads\/2022\/08\/Landelijk-strak_03.jpg\" data-width=\"768\" data-height=\"1024\" aria-label=\"\" role=\"img\" ><\/div>\n\t\t\t\t\t\t\t\t\t\t\t<div class=\"elementor-gallery-item__overlay\"><\/div>\n\t\t\t\t\t\t\t\t\t\t\t\t\t\t<\/a>\n\t\t\t\t\t\t\t<a class=\"e-gallery-item elementor-gallery-item elementor-animated-content\" href=\"https:\/\/www.stylmar.be\/wp-content\/uploads\/2022\/08\/Landelijk-strak_04.jpg\" data-elementor-open-lightbox=\"yes\" data-elementor-lightbox-slideshow=\"548ae21\" data-elementor-lightbox-title=\"Landelijk strak_04\" data-e-action-hash=\"#elementor-action%3Aaction%3Dlightbox%26settings%3DeyJpZCI6MzQ3OSwidXJsIjoiaHR0cHM6XC9cL3d3dy5zdHlsbWFyLmJlXC93cC1jb250ZW50XC91cGxvYWRzXC8yMDIyXC8wOFwvTGFuZGVsaWprLXN0cmFrXzA0LmpwZyIsInNsaWRlc2hvdyI6IjU0OGFlMjEifQ%3D%3D\">\n\t\t\t\t\t<div class=\"e-gallery-image elementor-gallery-item__image\" data-thumbnail=\"https:\/\/www.stylmar.be\/wp-content\/uploads\/2022\/08\/Landelijk-strak_04.jpg\" data-width=\"768\" data-height=\"1024\" aria-label=\"\" role=\"img\" ><\/div>\n\t\t\t\t\t\t\t\t\t\t\t<div class=\"elementor-gallery-item__overlay\"><\/div>\n\t\t\t\t\t\t\t\t\t\t\t\t\t\t<\/a>\n\t\t\t\t\t\t\t<a class=\"e-gallery-item elementor-gallery-item elementor-animated-content\" href=\"https:\/\/www.stylmar.be\/wp-content\/uploads\/2022\/08\/Landelijk-strak_05.jpg\" data-elementor-open-lightbox=\"yes\" data-elementor-lightbox-slideshow=\"548ae21\" data-elementor-lightbox-title=\"Landelijk strak_05\" data-e-action-hash=\"#elementor-action%3Aaction%3Dlightbox%26settings%3DeyJpZCI6MzQ4MiwidXJsIjoiaHR0cHM6XC9cL3d3dy5zdHlsbWFyLmJlXC93cC1jb250ZW50XC91cGxvYWRzXC8yMDIyXC8wOFwvTGFuZGVsaWprLXN0cmFrXzA1LmpwZyIsInNsaWRlc2hvdyI6IjU0OGFlMjEifQ%3D%3D\">\n\t\t\t\t\t<div class=\"e-gallery-image elementor-gallery-item__image\" data-thumbnail=\"https:\/\/www.stylmar.be\/wp-content\/uploads\/2022\/08\/Landelijk-strak_05-768x576.jpg\" data-width=\"768\" data-height=\"576\" aria-label=\"\" role=\"img\" ><\/div>\n\t\t\t\t\t\t\t\t\t\t\t<div class=\"elementor-gallery-item__overlay\"><\/div>\n\t\t\t\t\t\t\t\t\t\t\t\t\t\t<\/a>\n\t\t\t\t\t\t\t<a class=\"e-gallery-item elementor-gallery-item elementor-animated-content\" href=\"https:\/\/www.stylmar.be\/wp-content\/uploads\/2022\/08\/Landelijk-strak_06.jpg\" data-elementor-open-lightbox=\"yes\" data-elementor-lightbox-slideshow=\"548ae21\" data-elementor-lightbox-title=\"Landelijk strak_06\" data-e-action-hash=\"#elementor-action%3Aaction%3Dlightbox%26settings%3DeyJpZCI6MzQ4NSwidXJsIjoiaHR0cHM6XC9cL3d3dy5zdHlsbWFyLmJlXC93cC1jb250ZW50XC91cGxvYWRzXC8yMDIyXC8wOFwvTGFuZGVsaWprLXN0cmFrXzA2LmpwZyIsInNsaWRlc2hvdyI6IjU0OGFlMjEifQ%3D%3D\">\n\t\t\t\t\t<div class=\"e-gallery-image elementor-gallery-item__image\" data-thumbnail=\"https:\/\/www.stylmar.be\/wp-content\/uploads\/2022\/08\/Landelijk-strak_06.jpg\" data-width=\"768\" data-height=\"1024\" aria-label=\"\" role=\"img\" ><\/div>\n\t\t\t\t\t\t\t\t\t\t\t<div class=\"elementor-gallery-item__overlay\"><\/div>\n\t\t\t\t\t\t\t\t\t\t\t\t\t\t<\/a>\n\t\t\t\t\t\t\t<a class=\"e-gallery-item elementor-gallery-item elementor-animated-content\" href=\"https:\/\/www.stylmar.be\/wp-content\/uploads\/2022\/08\/Landelijk-strak_07.jpg\" data-elementor-open-lightbox=\"yes\" data-elementor-lightbox-slideshow=\"548ae21\" data-elementor-lightbox-title=\"Landelijk strak_07\" data-e-action-hash=\"#elementor-action%3Aaction%3Dlightbox%26settings%3DeyJpZCI6MzQ4OCwidXJsIjoiaHR0cHM6XC9cL3d3dy5zdHlsbWFyLmJlXC93cC1jb250ZW50XC91cGxvYWRzXC8yMDIyXC8wOFwvTGFuZGVsaWprLXN0cmFrXzA3LmpwZyIsInNsaWRlc2hvdyI6IjU0OGFlMjEifQ%3D%3D\">\n\t\t\t\t\t<div class=\"e-gallery-image elementor-gallery-item__image\" data-thumbnail=\"https:\/\/www.stylmar.be\/wp-content\/uploads\/2022\/08\/Landelijk-strak_07-768x576.jpg\" data-width=\"768\" data-height=\"576\" aria-label=\"\" role=\"img\" ><\/div>\n\t\t\t\t\t\t\t\t\t\t\t<div class=\"elementor-gallery-item__overlay\"><\/div>\n\t\t\t\t\t\t\t\t\t\t\t\t\t\t<\/a>\n\t\t\t\t\t\t\t<a class=\"e-gallery-item elementor-gallery-item elementor-animated-content\" href=\"https:\/\/www.stylmar.be\/wp-content\/uploads\/2022\/08\/Landelijk-strak_08.jpg\" data-elementor-open-lightbox=\"yes\" data-elementor-lightbox-slideshow=\"548ae21\" data-elementor-lightbox-title=\"Landelijk strak_08\" data-e-action-hash=\"#elementor-action%3Aaction%3Dlightbox%26settings%3DeyJpZCI6MzQ5MSwidXJsIjoiaHR0cHM6XC9cL3d3dy5zdHlsbWFyLmJlXC93cC1jb250ZW50XC91cGxvYWRzXC8yMDIyXC8wOFwvTGFuZGVsaWprLXN0cmFrXzA4LmpwZyIsInNsaWRlc2hvdyI6IjU0OGFlMjEifQ%3D%3D\">\n\t\t\t\t\t<div class=\"e-gallery-image elementor-gallery-item__image\" data-thumbnail=\"https:\/\/www.stylmar.be\/wp-content\/uploads\/2022\/08\/Landelijk-strak_08-768x576.jpg\" data-width=\"768\" data-height=\"576\" aria-label=\"\" role=\"img\" ><\/div>\n\t\t\t\t\t\t\t\t\t\t\t<div class=\"elementor-gallery-item__overlay\"><\/div>\n\t\t\t\t\t\t\t\t\t\t\t\t\t\t<\/a>\n\t\t\t\t\t<\/div>\n\t\t\t\t\t<\/div>\n\t\t\t\t<\/div>\n\t\t\t\t\t<\/div>\n\t\t<\/div>\n\t\t\t\t\t<\/div>\n\t\t<\/section>\n\t\t\t\t<\/div>\n\t\t","protected":false},"excerpt":{"rendered":"<p>Serr\u00e9 \u00e0 l&rsquo;\u00e9chelle nationale Un style country est souvent caract\u00e9ris\u00e9 par des rainures verticales r\u00e9p\u00e9titives, que nous appelons g\u00e9n\u00e9ralement le mod\u00e8le \u00ab Lily \u00bb. Une belle pierre bleue compl\u00e8te l&rsquo;ensemble. La combinaison d&rsquo;armoires en bois et d&rsquo;armoires laqu\u00e9es blanches souligne \u00e9galement l&rsquo;atmosph\u00e8re chaleureuse de la campagne. Profitez de ce joyau de simplicit\u00e9 et de tranquillit\u00e9. &hellip; <a href=\"https:\/\/www.stylmar.be\/fr\/serre-a-lechelle-nationale\/\" class=\"more-link\">Continue reading<span class=\"screen-reader-text\"> \u00ab\u00a0Serr\u00e9 \u00e0 l&rsquo;\u00e9chelle nationale\u00a0\u00bb<\/span><\/a><\/p>\n","protected":false},"author":1,"featured_media":0,"parent":0,"menu_order":0,"comment_status":"closed","ping_status":"closed","template":"elementor_header_footer","meta":{"_acf_changed":false,"_monsterinsights_skip_tracking":false,"_monsterinsights_sitenote_active":false,"_monsterinsights_sitenote_note":"","_monsterinsights_sitenote_category":0,"footnotes":""},"class_list":["post-1899","page","type-page","status-publish","hentry"],"acf":[],"aioseo_notices":[],"yoast_head":"<!-- This site is optimized with the Yoast SEO plugin v27.4 - https:\/\/yoast.com\/product\/yoast-seo-wordpress\/ -->\n<title>Serr\u00e9 \u00e0 l&#039;\u00e9chelle nationale - Stylmar<\/title>\n<meta name=\"robots\" content=\"index, follow, max-snippet:-1, max-image-preview:large, max-video-preview:-1\" \/>\n<link rel=\"canonical\" href=\"https:\/\/www.stylmar.be\/landelijk-strak\/\" \/>\n<meta property=\"og:locale\" content=\"fr_FR\" \/>\n<meta property=\"og:type\" content=\"article\" \/>\n<meta property=\"og:title\" content=\"Serr\u00e9 \u00e0 l&#039;\u00e9chelle nationale - Stylmar\" \/>\n<meta property=\"og:description\" content=\"Serr\u00e9 \u00e0 l&rsquo;\u00e9chelle nationale Un style country est souvent caract\u00e9ris\u00e9 par des rainures verticales r\u00e9p\u00e9titives, que nous appelons g\u00e9n\u00e9ralement le mod\u00e8le \u00ab Lily \u00bb. Une belle pierre bleue compl\u00e8te l&rsquo;ensemble. La combinaison d&rsquo;armoires en bois et d&rsquo;armoires laqu\u00e9es blanches souligne \u00e9galement l&rsquo;atmosph\u00e8re chaleureuse de la campagne. Profitez de ce joyau de simplicit\u00e9 et de tranquillit\u00e9. &hellip; Continue reading &quot;Serr\u00e9 \u00e0 l&rsquo;\u00e9chelle nationale&quot;\" \/>\n<meta property=\"og:url\" content=\"https:\/\/www.stylmar.be\/landelijk-strak\/\" \/>\n<meta property=\"og:site_name\" content=\"Stylmar\" \/>\n<meta property=\"article:modified_time\" content=\"2022-08-29T09:04:48+00:00\" \/>\n<meta property=\"og:image\" content=\"https:\/\/www.stylmar.be\/wp-content\/uploads\/2022\/07\/Landelijk-strak_.webp\" \/>\n<meta name=\"twitter:card\" content=\"summary_large_image\" \/>\n<script type=\"application\/ld+json\" class=\"yoast-schema-graph\">{\"@context\":\"https:\\\/\\\/schema.org\",\"@graph\":[{\"@type\":\"WebPage\",\"@id\":\"https:\\\/\\\/www.stylmar.be\\\/landelijk-strak\\\/\",\"url\":\"https:\\\/\\\/www.stylmar.be\\\/landelijk-strak\\\/\",\"name\":\"Serr\u00e9 \u00e0 l'\u00e9chelle nationale - Stylmar\",\"isPartOf\":{\"@id\":\"https:\\\/\\\/www.stylmar.be\\\/#website\"},\"primaryImageOfPage\":{\"@id\":\"https:\\\/\\\/www.stylmar.be\\\/landelijk-strak\\\/#primaryimage\"},\"image\":{\"@id\":\"https:\\\/\\\/www.stylmar.be\\\/landelijk-strak\\\/#primaryimage\"},\"thumbnailUrl\":\"https:\\\/\\\/www.stylmar.be\\\/wp-content\\\/uploads\\\/2022\\\/07\\\/Landelijk-strak_.webp\",\"datePublished\":\"2022-07-28T10:11:07+00:00\",\"dateModified\":\"2022-08-29T09:04:48+00:00\",\"breadcrumb\":{\"@id\":\"https:\\\/\\\/www.stylmar.be\\\/landelijk-strak\\\/#breadcrumb\"},\"inLanguage\":\"fr-FR\",\"potentialAction\":[{\"@type\":\"ReadAction\",\"target\":[\"https:\\\/\\\/www.stylmar.be\\\/landelijk-strak\\\/\"]}]},{\"@type\":\"ImageObject\",\"inLanguage\":\"fr-FR\",\"@id\":\"https:\\\/\\\/www.stylmar.be\\\/landelijk-strak\\\/#primaryimage\",\"url\":\"https:\\\/\\\/www.stylmar.be\\\/wp-content\\\/uploads\\\/2022\\\/07\\\/Landelijk-strak_.webp\",\"contentUrl\":\"https:\\\/\\\/www.stylmar.be\\\/wp-content\\\/uploads\\\/2022\\\/07\\\/Landelijk-strak_.webp\"},{\"@type\":\"BreadcrumbList\",\"@id\":\"https:\\\/\\\/www.stylmar.be\\\/landelijk-strak\\\/#breadcrumb\",\"itemListElement\":[{\"@type\":\"ListItem\",\"position\":1,\"name\":\"Home\",\"item\":\"https:\\\/\\\/www.stylmar.be\\\/\"},{\"@type\":\"ListItem\",\"position\":2,\"name\":\"Serr\u00e9 \u00e0 l&#8217;\u00e9chelle nationale\"}]},{\"@type\":\"WebSite\",\"@id\":\"https:\\\/\\\/www.stylmar.be\\\/#website\",\"url\":\"https:\\\/\\\/www.stylmar.be\\\/\",\"name\":\"Stylmar\",\"description\":\"Artisanaal Belgisch Maatwerk\",\"potentialAction\":[{\"@type\":\"SearchAction\",\"target\":{\"@type\":\"EntryPoint\",\"urlTemplate\":\"https:\\\/\\\/www.stylmar.be\\\/?s={search_term_string}\"},\"query-input\":{\"@type\":\"PropertyValueSpecification\",\"valueRequired\":true,\"valueName\":\"search_term_string\"}}],\"inLanguage\":\"fr-FR\"}]}<\/script>\n<!-- \/ Yoast SEO plugin. -->","yoast_head_json":{"title":"Serr\u00e9 \u00e0 l'\u00e9chelle nationale - Stylmar","robots":{"index":"index","follow":"follow","max-snippet":"max-snippet:-1","max-image-preview":"max-image-preview:large","max-video-preview":"max-video-preview:-1"},"canonical":"https:\/\/www.stylmar.be\/landelijk-strak\/","og_locale":"fr_FR","og_type":"article","og_title":"Serr\u00e9 \u00e0 l'\u00e9chelle nationale - Stylmar","og_description":"Serr\u00e9 \u00e0 l&rsquo;\u00e9chelle nationale Un style country est souvent caract\u00e9ris\u00e9 par des rainures verticales r\u00e9p\u00e9titives, que nous appelons g\u00e9n\u00e9ralement le mod\u00e8le \u00ab Lily \u00bb. Une belle pierre bleue compl\u00e8te l&rsquo;ensemble. La combinaison d&rsquo;armoires en bois et d&rsquo;armoires laqu\u00e9es blanches souligne \u00e9galement l&rsquo;atmosph\u00e8re chaleureuse de la campagne. Profitez de ce joyau de simplicit\u00e9 et de tranquillit\u00e9. &hellip; Continue reading \"Serr\u00e9 \u00e0 l&rsquo;\u00e9chelle nationale\"","og_url":"https:\/\/www.stylmar.be\/landelijk-strak\/","og_site_name":"Stylmar","article_modified_time":"2022-08-29T09:04:48+00:00","og_image":[{"url":"https:\/\/www.stylmar.be\/wp-content\/uploads\/2022\/07\/Landelijk-strak_.webp","type":"","width":"","height":""}],"twitter_card":"summary_large_image","schema":{"@context":"https:\/\/schema.org","@graph":[{"@type":"WebPage","@id":"https:\/\/www.stylmar.be\/landelijk-strak\/","url":"https:\/\/www.stylmar.be\/landelijk-strak\/","name":"Serr\u00e9 \u00e0 l'\u00e9chelle nationale - Stylmar","isPartOf":{"@id":"https:\/\/www.stylmar.be\/#website"},"primaryImageOfPage":{"@id":"https:\/\/www.stylmar.be\/landelijk-strak\/#primaryimage"},"image":{"@id":"https:\/\/www.stylmar.be\/landelijk-strak\/#primaryimage"},"thumbnailUrl":"https:\/\/www.stylmar.be\/wp-content\/uploads\/2022\/07\/Landelijk-strak_.webp","datePublished":"2022-07-28T10:11:07+00:00","dateModified":"2022-08-29T09:04:48+00:00","breadcrumb":{"@id":"https:\/\/www.stylmar.be\/landelijk-strak\/#breadcrumb"},"inLanguage":"fr-FR","potentialAction":[{"@type":"ReadAction","target":["https:\/\/www.stylmar.be\/landelijk-strak\/"]}]},{"@type":"ImageObject","inLanguage":"fr-FR","@id":"https:\/\/www.stylmar.be\/landelijk-strak\/#primaryimage","url":"https:\/\/www.stylmar.be\/wp-content\/uploads\/2022\/07\/Landelijk-strak_.webp","contentUrl":"https:\/\/www.stylmar.be\/wp-content\/uploads\/2022\/07\/Landelijk-strak_.webp"},{"@type":"BreadcrumbList","@id":"https:\/\/www.stylmar.be\/landelijk-strak\/#breadcrumb","itemListElement":[{"@type":"ListItem","position":1,"name":"Home","item":"https:\/\/www.stylmar.be\/"},{"@type":"ListItem","position":2,"name":"Serr\u00e9 \u00e0 l&#8217;\u00e9chelle nationale"}]},{"@type":"WebSite","@id":"https:\/\/www.stylmar.be\/#website","url":"https:\/\/www.stylmar.be\/","name":"Stylmar","description":"Artisanaal Belgisch Maatwerk","potentialAction":[{"@type":"SearchAction","target":{"@type":"EntryPoint","urlTemplate":"https:\/\/www.stylmar.be\/?s={search_term_string}"},"query-input":{"@type":"PropertyValueSpecification","valueRequired":true,"valueName":"search_term_string"}}],"inLanguage":"fr-FR"}]}},"_links":{"self":[{"href":"https:\/\/www.stylmar.be\/fr\/wp-json\/wp\/v2\/pages\/1899","targetHints":{"allow":["GET"]}}],"collection":[{"href":"https:\/\/www.stylmar.be\/fr\/wp-json\/wp\/v2\/pages"}],"about":[{"href":"https:\/\/www.stylmar.be\/fr\/wp-json\/wp\/v2\/types\/page"}],"author":[{"embeddable":true,"href":"https:\/\/www.stylmar.be\/fr\/wp-json\/wp\/v2\/users\/1"}],"replies":[{"embeddable":true,"href":"https:\/\/www.stylmar.be\/fr\/wp-json\/wp\/v2\/comments?post=1899"}],"version-history":[{"count":0,"href":"https:\/\/www.stylmar.be\/fr\/wp-json\/wp\/v2\/pages\/1899\/revisions"}],"wp:attachment":[{"href":"https:\/\/www.stylmar.be\/fr\/wp-json\/wp\/v2\/media?parent=1899"}],"curies":[{"name":"wp","href":"https:\/\/api.w.org\/{rel}","templated":true}]}}