{"id":1869,"date":"2022-07-28T10:39:30","date_gmt":"2022-07-28T10:39:30","guid":{"rendered":"https:\/\/www.stylmar.be\/appartement-contemporain\/"},"modified":"2022-08-29T09:26:51","modified_gmt":"2022-08-29T09:26:51","slug":"appartement-contemporain","status":"publish","type":"page","link":"https:\/\/www.stylmar.be\/fr\/appartement-contemporain\/","title":{"rendered":"Appartement contemporain"},"content":{"rendered":"\t\t<div data-elementor-type=\"wp-page\" data-elementor-id=\"1869\" class=\"elementor elementor-1869\" data-elementor-post-type=\"page\">\n\t\t\t\t\t\t<section class=\"elementor-section elementor-top-section elementor-element elementor-element-677dc50 elementor-reverse-mobile elementor-section-boxed elementor-section-height-default elementor-section-height-default\" data-id=\"677dc50\" data-element_type=\"section\" data-e-type=\"section\">\n\t\t\t\t\t\t<div class=\"elementor-container elementor-column-gap-default\">\n\t\t\t\t\t<div class=\"elementor-column elementor-col-50 elementor-top-column elementor-element elementor-element-e30d6e9\" data-id=\"e30d6e9\" data-element_type=\"column\" data-e-type=\"column\">\n\t\t\t<div class=\"elementor-widget-wrap elementor-element-populated\">\n\t\t\t\t\t\t<div class=\"elementor-element elementor-element-c8d9309 elementor-widget elementor-widget-image\" data-id=\"c8d9309\" data-element_type=\"widget\" data-e-type=\"widget\" data-widget_type=\"image.default\">\n\t\t\t\t<div class=\"elementor-widget-container\">\n\t\t\t\t\t\t\t\t\t\t\t\t\t\t\t<img fetchpriority=\"high\" decoding=\"async\" width=\"640\" height=\"852\" src=\"https:\/\/www.stylmar.be\/wp-content\/uploads\/2022\/07\/Hedendaags-appartement_.webp\" class=\"attachment-large size-large wp-image-1465\" alt=\"\" srcset=\"https:\/\/www.stylmar.be\/wp-content\/uploads\/2022\/07\/Hedendaags-appartement_.webp 640w, https:\/\/www.stylmar.be\/wp-content\/uploads\/2022\/07\/Hedendaags-appartement_-225x300.webp 225w\" sizes=\"(max-width: 640px) 85vw, 640px\" \/>\t\t\t\t\t\t\t\t\t\t\t\t\t\t\t<\/div>\n\t\t\t\t<\/div>\n\t\t\t\t\t<\/div>\n\t\t<\/div>\n\t\t\t\t<div class=\"elementor-column elementor-col-50 elementor-top-column elementor-element elementor-element-ea7b638\" data-id=\"ea7b638\" data-element_type=\"column\" data-e-type=\"column\" data-settings=\"{&quot;background_background&quot;:&quot;classic&quot;}\">\n\t\t\t<div class=\"elementor-widget-wrap elementor-element-populated\">\n\t\t\t\t\t\t<div class=\"elementor-element elementor-element-b98bc33 elementor-widget elementor-widget-text-editor\" data-id=\"b98bc33\" data-element_type=\"widget\" data-e-type=\"widget\" data-widget_type=\"text-editor.default\">\n\t\t\t\t<div class=\"elementor-widget-container\">\n\t\t\t\t\t\t\t\t\t<h4>Appartement contemporain<\/h4><p>Donner \u00e0 un appartement une sensation d&rsquo;espace n&rsquo;est pas toujours facile, mais avec cet int\u00e9rieur blanc et \u00e9pur\u00e9, ils ont bien r\u00e9ussi. Les armoires \u00e0 colonnes blanches de la cuisine qui vont du sol au plafond donnent un caract\u00e8re contemporain. Cette apparence s&rsquo;est prolong\u00e9e dans tout l&rsquo;appartement. Dans le salon, les armoires de radiateurs et les meubles TV sont con\u00e7us \u00e0 la m\u00eame hauteur et de la m\u00eame mani\u00e8re. Cela cr\u00e9e un ensemble qui se sent calme et cr\u00e9e de l&rsquo;espace. Dans la chambre et la salle de bain aussi, ils ont opt\u00e9 pour la simplicit\u00e9 et les armoires \u00e9pur\u00e9es. Une oasis de calme.<\/p>\t\t\t\t\t\t\t\t<\/div>\n\t\t\t\t<\/div>\n\t\t\t\t<div class=\"elementor-element elementor-element-79326fb elementor-align-left elementor-widget elementor-widget-button\" data-id=\"79326fb\" data-element_type=\"widget\" data-e-type=\"widget\" data-widget_type=\"button.default\">\n\t\t\t\t<div class=\"elementor-widget-container\">\n\t\t\t\t\t\t\t\t\t<div class=\"elementor-button-wrapper\">\n\t\t\t\t\t<a class=\"elementor-button elementor-button-link elementor-size-sm\" href=\"https:\/\/www.stylmar.be\/fr\/projets-totaux\/\">\n\t\t\t\t\t\t<span class=\"elementor-button-content-wrapper\">\n\t\t\t\t\t\t<span class=\"elementor-button-icon\">\n\t\t\t\t<i aria-hidden=\"true\" class=\"fas fa-caret-left\"><\/i>\t\t\t<\/span>\n\t\t\t\t\t\t\t\t\t<span class=\"elementor-button-text\">Retour<\/span>\n\t\t\t\t\t<\/span>\n\t\t\t\t\t<\/a>\n\t\t\t\t<\/div>\n\t\t\t\t\t\t\t\t<\/div>\n\t\t\t\t<\/div>\n\t\t\t\t\t<\/div>\n\t\t<\/div>\n\t\t\t\t\t<\/div>\n\t\t<\/section>\n\t\t\t\t<section class=\"elementor-section elementor-top-section elementor-element elementor-element-5d6891b elementor-section-boxed elementor-section-height-default elementor-section-height-default\" data-id=\"5d6891b\" data-element_type=\"section\" data-e-type=\"section\">\n\t\t\t\t\t\t<div class=\"elementor-container elementor-column-gap-default\">\n\t\t\t\t\t<div class=\"elementor-column elementor-col-100 elementor-top-column elementor-element elementor-element-f269712\" data-id=\"f269712\" data-element_type=\"column\" data-e-type=\"column\" data-settings=\"{&quot;background_background&quot;:&quot;classic&quot;}\">\n\t\t\t<div class=\"elementor-widget-wrap elementor-element-populated\">\n\t\t\t\t\t\t<div class=\"elementor-element elementor-element-ac294a0 elementor-widget elementor-widget-gallery\" data-id=\"ac294a0\" data-element_type=\"widget\" data-e-type=\"widget\" data-settings=\"{&quot;gap&quot;:{&quot;unit&quot;:&quot;px&quot;,&quot;size&quot;:30,&quot;sizes&quot;:[]},&quot;aspect_ratio&quot;:&quot;4:3&quot;,&quot;columns_tablet&quot;:3,&quot;columns_mobile&quot;:2,&quot;gap_tablet&quot;:{&quot;unit&quot;:&quot;px&quot;,&quot;size&quot;:20,&quot;sizes&quot;:[]},&quot;lazyload&quot;:&quot;yes&quot;,&quot;gallery_layout&quot;:&quot;grid&quot;,&quot;columns&quot;:4,&quot;gap_mobile&quot;:{&quot;unit&quot;:&quot;px&quot;,&quot;size&quot;:10,&quot;sizes&quot;:[]},&quot;link_to&quot;:&quot;file&quot;,&quot;overlay_background&quot;:&quot;yes&quot;,&quot;content_hover_animation&quot;:&quot;fade-in&quot;}\" data-widget_type=\"gallery.default\">\n\t\t\t\t<div class=\"elementor-widget-container\">\n\t\t\t\t\t\t\t<div class=\"elementor-gallery__container\">\n\t\t\t\t\t\t\t<a class=\"e-gallery-item elementor-gallery-item elementor-animated-content\" href=\"https:\/\/www.stylmar.be\/wp-content\/uploads\/2022\/08\/Hedendaags-appartement_01.jpg\" data-elementor-open-lightbox=\"yes\" data-elementor-lightbox-slideshow=\"ac294a0\" data-elementor-lightbox-title=\"Hedendaags appartement_01\" data-e-action-hash=\"#elementor-action%3Aaction%3Dlightbox%26settings%3DeyJpZCI6MzU4MiwidXJsIjoiaHR0cHM6XC9cL3d3dy5zdHlsbWFyLmJlXC93cC1jb250ZW50XC91cGxvYWRzXC8yMDIyXC8wOFwvSGVkZW5kYWFncy1hcHBhcnRlbWVudF8wMS5qcGciLCJzbGlkZXNob3ciOiJhYzI5NGEwIn0%3D\">\n\t\t\t\t\t<div class=\"e-gallery-image elementor-gallery-item__image\" data-thumbnail=\"https:\/\/www.stylmar.be\/wp-content\/uploads\/2022\/08\/Hedendaags-appartement_01-768x614.jpg\" data-width=\"768\" data-height=\"614\" aria-label=\"\" role=\"img\" ><\/div>\n\t\t\t\t\t\t\t\t\t\t\t<div class=\"elementor-gallery-item__overlay\"><\/div>\n\t\t\t\t\t\t\t\t\t\t\t\t\t\t<\/a>\n\t\t\t\t\t\t\t<a class=\"e-gallery-item elementor-gallery-item elementor-animated-content\" href=\"https:\/\/www.stylmar.be\/wp-content\/uploads\/2022\/08\/Hedendaags-appartement_02.jpg\" data-elementor-open-lightbox=\"yes\" data-elementor-lightbox-slideshow=\"ac294a0\" data-elementor-lightbox-title=\"Hedendaags appartement_02\" data-e-action-hash=\"#elementor-action%3Aaction%3Dlightbox%26settings%3DeyJpZCI6MzU4NSwidXJsIjoiaHR0cHM6XC9cL3d3dy5zdHlsbWFyLmJlXC93cC1jb250ZW50XC91cGxvYWRzXC8yMDIyXC8wOFwvSGVkZW5kYWFncy1hcHBhcnRlbWVudF8wMi5qcGciLCJzbGlkZXNob3ciOiJhYzI5NGEwIn0%3D\">\n\t\t\t\t\t<div class=\"e-gallery-image elementor-gallery-item__image\" data-thumbnail=\"https:\/\/www.stylmar.be\/wp-content\/uploads\/2022\/08\/Hedendaags-appartement_02-768x614.jpg\" data-width=\"768\" data-height=\"614\" aria-label=\"\" role=\"img\" ><\/div>\n\t\t\t\t\t\t\t\t\t\t\t<div class=\"elementor-gallery-item__overlay\"><\/div>\n\t\t\t\t\t\t\t\t\t\t\t\t\t\t<\/a>\n\t\t\t\t\t\t\t<a class=\"e-gallery-item elementor-gallery-item elementor-animated-content\" href=\"https:\/\/www.stylmar.be\/wp-content\/uploads\/2022\/08\/Hedendaags-appartement_03.jpg\" data-elementor-open-lightbox=\"yes\" data-elementor-lightbox-slideshow=\"ac294a0\" data-elementor-lightbox-title=\"Hedendaags appartement_03\" data-e-action-hash=\"#elementor-action%3Aaction%3Dlightbox%26settings%3DeyJpZCI6MzU4OCwidXJsIjoiaHR0cHM6XC9cL3d3dy5zdHlsbWFyLmJlXC93cC1jb250ZW50XC91cGxvYWRzXC8yMDIyXC8wOFwvSGVkZW5kYWFncy1hcHBhcnRlbWVudF8wMy5qcGciLCJzbGlkZXNob3ciOiJhYzI5NGEwIn0%3D\">\n\t\t\t\t\t<div class=\"e-gallery-image elementor-gallery-item__image\" data-thumbnail=\"https:\/\/www.stylmar.be\/wp-content\/uploads\/2022\/08\/Hedendaags-appartement_03-768x614.jpg\" data-width=\"768\" data-height=\"614\" aria-label=\"\" role=\"img\" ><\/div>\n\t\t\t\t\t\t\t\t\t\t\t<div class=\"elementor-gallery-item__overlay\"><\/div>\n\t\t\t\t\t\t\t\t\t\t\t\t\t\t<\/a>\n\t\t\t\t\t\t\t<a class=\"e-gallery-item elementor-gallery-item elementor-animated-content\" href=\"https:\/\/www.stylmar.be\/wp-content\/uploads\/2022\/08\/Hedendaags-appartement_04.jpg\" data-elementor-open-lightbox=\"yes\" data-elementor-lightbox-slideshow=\"ac294a0\" data-elementor-lightbox-title=\"Hedendaags appartement_04\" data-e-action-hash=\"#elementor-action%3Aaction%3Dlightbox%26settings%3DeyJpZCI6MzU5MSwidXJsIjoiaHR0cHM6XC9cL3d3dy5zdHlsbWFyLmJlXC93cC1jb250ZW50XC91cGxvYWRzXC8yMDIyXC8wOFwvSGVkZW5kYWFncy1hcHBhcnRlbWVudF8wNC5qcGciLCJzbGlkZXNob3ciOiJhYzI5NGEwIn0%3D\">\n\t\t\t\t\t<div class=\"e-gallery-image elementor-gallery-item__image\" data-thumbnail=\"https:\/\/www.stylmar.be\/wp-content\/uploads\/2022\/08\/Hedendaags-appartement_04-768x614.jpg\" data-width=\"768\" data-height=\"614\" aria-label=\"\" role=\"img\" ><\/div>\n\t\t\t\t\t\t\t\t\t\t\t<div class=\"elementor-gallery-item__overlay\"><\/div>\n\t\t\t\t\t\t\t\t\t\t\t\t\t\t<\/a>\n\t\t\t\t\t\t\t<a class=\"e-gallery-item elementor-gallery-item elementor-animated-content\" href=\"https:\/\/www.stylmar.be\/wp-content\/uploads\/2022\/08\/Hedendaags-appartement_05.jpg\" data-elementor-open-lightbox=\"yes\" data-elementor-lightbox-slideshow=\"ac294a0\" data-elementor-lightbox-title=\"Hedendaags appartement_05\" data-e-action-hash=\"#elementor-action%3Aaction%3Dlightbox%26settings%3DeyJpZCI6MzU5NCwidXJsIjoiaHR0cHM6XC9cL3d3dy5zdHlsbWFyLmJlXC93cC1jb250ZW50XC91cGxvYWRzXC8yMDIyXC8wOFwvSGVkZW5kYWFncy1hcHBhcnRlbWVudF8wNS5qcGciLCJzbGlkZXNob3ciOiJhYzI5NGEwIn0%3D\">\n\t\t\t\t\t<div class=\"e-gallery-image elementor-gallery-item__image\" data-thumbnail=\"https:\/\/www.stylmar.be\/wp-content\/uploads\/2022\/08\/Hedendaags-appartement_05-768x960.jpg\" data-width=\"768\" data-height=\"960\" aria-label=\"\" role=\"img\" ><\/div>\n\t\t\t\t\t\t\t\t\t\t\t<div class=\"elementor-gallery-item__overlay\"><\/div>\n\t\t\t\t\t\t\t\t\t\t\t\t\t\t<\/a>\n\t\t\t\t\t\t\t<a class=\"e-gallery-item elementor-gallery-item elementor-animated-content\" href=\"https:\/\/www.stylmar.be\/wp-content\/uploads\/2022\/08\/Hedendaags-appartement_06.jpg\" data-elementor-open-lightbox=\"yes\" data-elementor-lightbox-slideshow=\"ac294a0\" data-elementor-lightbox-title=\"Hedendaags appartement_06\" data-e-action-hash=\"#elementor-action%3Aaction%3Dlightbox%26settings%3DeyJpZCI6MzU5NywidXJsIjoiaHR0cHM6XC9cL3d3dy5zdHlsbWFyLmJlXC93cC1jb250ZW50XC91cGxvYWRzXC8yMDIyXC8wOFwvSGVkZW5kYWFncy1hcHBhcnRlbWVudF8wNi5qcGciLCJzbGlkZXNob3ciOiJhYzI5NGEwIn0%3D\">\n\t\t\t\t\t<div class=\"e-gallery-image elementor-gallery-item__image\" data-thumbnail=\"https:\/\/www.stylmar.be\/wp-content\/uploads\/2022\/08\/Hedendaags-appartement_06-768x614.jpg\" data-width=\"768\" data-height=\"614\" aria-label=\"\" role=\"img\" ><\/div>\n\t\t\t\t\t\t\t\t\t\t\t<div class=\"elementor-gallery-item__overlay\"><\/div>\n\t\t\t\t\t\t\t\t\t\t\t\t\t\t<\/a>\n\t\t\t\t\t\t\t<a class=\"e-gallery-item elementor-gallery-item elementor-animated-content\" href=\"https:\/\/www.stylmar.be\/wp-content\/uploads\/2022\/08\/Hedendaags-appartement_07.jpg\" data-elementor-open-lightbox=\"yes\" data-elementor-lightbox-slideshow=\"ac294a0\" data-elementor-lightbox-title=\"Hedendaags appartement_07\" data-e-action-hash=\"#elementor-action%3Aaction%3Dlightbox%26settings%3DeyJpZCI6MzYwMCwidXJsIjoiaHR0cHM6XC9cL3d3dy5zdHlsbWFyLmJlXC93cC1jb250ZW50XC91cGxvYWRzXC8yMDIyXC8wOFwvSGVkZW5kYWFncy1hcHBhcnRlbWVudF8wNy5qcGciLCJzbGlkZXNob3ciOiJhYzI5NGEwIn0%3D\">\n\t\t\t\t\t<div class=\"e-gallery-image elementor-gallery-item__image\" data-thumbnail=\"https:\/\/www.stylmar.be\/wp-content\/uploads\/2022\/08\/Hedendaags-appartement_07-768x960.jpg\" data-width=\"768\" data-height=\"960\" aria-label=\"\" role=\"img\" ><\/div>\n\t\t\t\t\t\t\t\t\t\t\t<div class=\"elementor-gallery-item__overlay\"><\/div>\n\t\t\t\t\t\t\t\t\t\t\t\t\t\t<\/a>\n\t\t\t\t\t\t\t<a class=\"e-gallery-item elementor-gallery-item elementor-animated-content\" href=\"https:\/\/www.stylmar.be\/wp-content\/uploads\/2022\/08\/Hedendaags-appartement_09.jpg\" data-elementor-open-lightbox=\"yes\" data-elementor-lightbox-slideshow=\"ac294a0\" data-elementor-lightbox-title=\"Hedendaags appartement_09\" data-e-action-hash=\"#elementor-action%3Aaction%3Dlightbox%26settings%3DeyJpZCI6MzYwMywidXJsIjoiaHR0cHM6XC9cL3d3dy5zdHlsbWFyLmJlXC93cC1jb250ZW50XC91cGxvYWRzXC8yMDIyXC8wOFwvSGVkZW5kYWFncy1hcHBhcnRlbWVudF8wOS5qcGciLCJzbGlkZXNob3ciOiJhYzI5NGEwIn0%3D\">\n\t\t\t\t\t<div class=\"e-gallery-image elementor-gallery-item__image\" data-thumbnail=\"https:\/\/www.stylmar.be\/wp-content\/uploads\/2022\/08\/Hedendaags-appartement_09-768x960.jpg\" data-width=\"768\" data-height=\"960\" aria-label=\"\" role=\"img\" ><\/div>\n\t\t\t\t\t\t\t\t\t\t\t<div class=\"elementor-gallery-item__overlay\"><\/div>\n\t\t\t\t\t\t\t\t\t\t\t\t\t\t<\/a>\n\t\t\t\t\t<\/div>\n\t\t\t\t\t<\/div>\n\t\t\t\t<\/div>\n\t\t\t\t\t<\/div>\n\t\t<\/div>\n\t\t\t\t\t<\/div>\n\t\t<\/section>\n\t\t\t\t<\/div>\n\t\t","protected":false},"excerpt":{"rendered":"<p>Appartement contemporain Donner \u00e0 un appartement une sensation d&rsquo;espace n&rsquo;est pas toujours facile, mais avec cet int\u00e9rieur blanc et \u00e9pur\u00e9, ils ont bien r\u00e9ussi. Les armoires \u00e0 colonnes blanches de la cuisine qui vont du sol au plafond donnent un caract\u00e8re contemporain. Cette apparence s&rsquo;est prolong\u00e9e dans tout l&rsquo;appartement. Dans le salon, les armoires de &hellip; <a href=\"https:\/\/www.stylmar.be\/fr\/appartement-contemporain\/\" class=\"more-link\">Continue reading<span class=\"screen-reader-text\"> \u00ab\u00a0Appartement contemporain\u00a0\u00bb<\/span><\/a><\/p>\n","protected":false},"author":1,"featured_media":0,"parent":0,"menu_order":0,"comment_status":"closed","ping_status":"closed","template":"elementor_header_footer","meta":{"_acf_changed":false,"_monsterinsights_skip_tracking":false,"_monsterinsights_sitenote_active":false,"_monsterinsights_sitenote_note":"","_monsterinsights_sitenote_category":0,"footnotes":""},"class_list":["post-1869","page","type-page","status-publish","hentry"],"acf":[],"aioseo_notices":[],"yoast_head":"<!-- This site is optimized with the Yoast SEO plugin v27.5 - https:\/\/yoast.com\/product\/yoast-seo-wordpress\/ -->\n<title>Appartement contemporain - Stylmar<\/title>\n<meta name=\"robots\" content=\"index, follow, max-snippet:-1, max-image-preview:large, max-video-preview:-1\" \/>\n<link rel=\"canonical\" href=\"https:\/\/www.stylmar.be\/hedendaags-appartement\/\" \/>\n<meta property=\"og:locale\" content=\"fr_FR\" \/>\n<meta property=\"og:type\" content=\"article\" \/>\n<meta property=\"og:title\" content=\"Appartement contemporain - Stylmar\" \/>\n<meta property=\"og:description\" content=\"Appartement contemporain Donner \u00e0 un appartement une sensation d&rsquo;espace n&rsquo;est pas toujours facile, mais avec cet int\u00e9rieur blanc et \u00e9pur\u00e9, ils ont bien r\u00e9ussi. Les armoires \u00e0 colonnes blanches de la cuisine qui vont du sol au plafond donnent un caract\u00e8re contemporain. Cette apparence s&rsquo;est prolong\u00e9e dans tout l&rsquo;appartement. Dans le salon, les armoires de &hellip; Continue reading &quot;Appartement contemporain&quot;\" \/>\n<meta property=\"og:url\" content=\"https:\/\/www.stylmar.be\/hedendaags-appartement\/\" \/>\n<meta property=\"og:site_name\" content=\"Stylmar\" \/>\n<meta property=\"article:modified_time\" content=\"2022-08-29T09:26:51+00:00\" \/>\n<meta property=\"og:image\" content=\"https:\/\/www.stylmar.be\/wp-content\/uploads\/2022\/07\/Hedendaags-appartement_.webp\" \/>\n<meta name=\"twitter:card\" content=\"summary_large_image\" \/>\n<meta name=\"twitter:label1\" content=\"Dur\u00e9e de lecture estim\u00e9e\" \/>\n\t<meta name=\"twitter:data1\" content=\"1 minute\" \/>\n<script type=\"application\/ld+json\" class=\"yoast-schema-graph\">{\"@context\":\"https:\\\/\\\/schema.org\",\"@graph\":[{\"@type\":\"WebPage\",\"@id\":\"https:\\\/\\\/www.stylmar.be\\\/hedendaags-appartement\\\/\",\"url\":\"https:\\\/\\\/www.stylmar.be\\\/hedendaags-appartement\\\/\",\"name\":\"Appartement contemporain - Stylmar\",\"isPartOf\":{\"@id\":\"https:\\\/\\\/www.stylmar.be\\\/#website\"},\"primaryImageOfPage\":{\"@id\":\"https:\\\/\\\/www.stylmar.be\\\/hedendaags-appartement\\\/#primaryimage\"},\"image\":{\"@id\":\"https:\\\/\\\/www.stylmar.be\\\/hedendaags-appartement\\\/#primaryimage\"},\"thumbnailUrl\":\"https:\\\/\\\/www.stylmar.be\\\/wp-content\\\/uploads\\\/2022\\\/07\\\/Hedendaags-appartement_.webp\",\"datePublished\":\"2022-07-28T10:39:30+00:00\",\"dateModified\":\"2022-08-29T09:26:51+00:00\",\"breadcrumb\":{\"@id\":\"https:\\\/\\\/www.stylmar.be\\\/hedendaags-appartement\\\/#breadcrumb\"},\"inLanguage\":\"fr-FR\",\"potentialAction\":[{\"@type\":\"ReadAction\",\"target\":[\"https:\\\/\\\/www.stylmar.be\\\/hedendaags-appartement\\\/\"]}]},{\"@type\":\"ImageObject\",\"inLanguage\":\"fr-FR\",\"@id\":\"https:\\\/\\\/www.stylmar.be\\\/hedendaags-appartement\\\/#primaryimage\",\"url\":\"https:\\\/\\\/www.stylmar.be\\\/wp-content\\\/uploads\\\/2022\\\/07\\\/Hedendaags-appartement_.webp\",\"contentUrl\":\"https:\\\/\\\/www.stylmar.be\\\/wp-content\\\/uploads\\\/2022\\\/07\\\/Hedendaags-appartement_.webp\"},{\"@type\":\"BreadcrumbList\",\"@id\":\"https:\\\/\\\/www.stylmar.be\\\/hedendaags-appartement\\\/#breadcrumb\",\"itemListElement\":[{\"@type\":\"ListItem\",\"position\":1,\"name\":\"Home\",\"item\":\"https:\\\/\\\/www.stylmar.be\\\/\"},{\"@type\":\"ListItem\",\"position\":2,\"name\":\"Appartement contemporain\"}]},{\"@type\":\"WebSite\",\"@id\":\"https:\\\/\\\/www.stylmar.be\\\/#website\",\"url\":\"https:\\\/\\\/www.stylmar.be\\\/\",\"name\":\"Stylmar\",\"description\":\"Artisanaal Belgisch Maatwerk\",\"potentialAction\":[{\"@type\":\"SearchAction\",\"target\":{\"@type\":\"EntryPoint\",\"urlTemplate\":\"https:\\\/\\\/www.stylmar.be\\\/?s={search_term_string}\"},\"query-input\":{\"@type\":\"PropertyValueSpecification\",\"valueRequired\":true,\"valueName\":\"search_term_string\"}}],\"inLanguage\":\"fr-FR\"}]}<\/script>\n<!-- \/ Yoast SEO plugin. -->","yoast_head_json":{"title":"Appartement contemporain - Stylmar","robots":{"index":"index","follow":"follow","max-snippet":"max-snippet:-1","max-image-preview":"max-image-preview:large","max-video-preview":"max-video-preview:-1"},"canonical":"https:\/\/www.stylmar.be\/hedendaags-appartement\/","og_locale":"fr_FR","og_type":"article","og_title":"Appartement contemporain - Stylmar","og_description":"Appartement contemporain Donner \u00e0 un appartement une sensation d&rsquo;espace n&rsquo;est pas toujours facile, mais avec cet int\u00e9rieur blanc et \u00e9pur\u00e9, ils ont bien r\u00e9ussi. Les armoires \u00e0 colonnes blanches de la cuisine qui vont du sol au plafond donnent un caract\u00e8re contemporain. Cette apparence s&rsquo;est prolong\u00e9e dans tout l&rsquo;appartement. Dans le salon, les armoires de &hellip; Continue reading \"Appartement contemporain\"","og_url":"https:\/\/www.stylmar.be\/hedendaags-appartement\/","og_site_name":"Stylmar","article_modified_time":"2022-08-29T09:26:51+00:00","og_image":[{"url":"https:\/\/www.stylmar.be\/wp-content\/uploads\/2022\/07\/Hedendaags-appartement_.webp","type":"","width":"","height":""}],"twitter_card":"summary_large_image","twitter_misc":{"Dur\u00e9e de lecture estim\u00e9e":"1 minute"},"schema":{"@context":"https:\/\/schema.org","@graph":[{"@type":"WebPage","@id":"https:\/\/www.stylmar.be\/hedendaags-appartement\/","url":"https:\/\/www.stylmar.be\/hedendaags-appartement\/","name":"Appartement contemporain - Stylmar","isPartOf":{"@id":"https:\/\/www.stylmar.be\/#website"},"primaryImageOfPage":{"@id":"https:\/\/www.stylmar.be\/hedendaags-appartement\/#primaryimage"},"image":{"@id":"https:\/\/www.stylmar.be\/hedendaags-appartement\/#primaryimage"},"thumbnailUrl":"https:\/\/www.stylmar.be\/wp-content\/uploads\/2022\/07\/Hedendaags-appartement_.webp","datePublished":"2022-07-28T10:39:30+00:00","dateModified":"2022-08-29T09:26:51+00:00","breadcrumb":{"@id":"https:\/\/www.stylmar.be\/hedendaags-appartement\/#breadcrumb"},"inLanguage":"fr-FR","potentialAction":[{"@type":"ReadAction","target":["https:\/\/www.stylmar.be\/hedendaags-appartement\/"]}]},{"@type":"ImageObject","inLanguage":"fr-FR","@id":"https:\/\/www.stylmar.be\/hedendaags-appartement\/#primaryimage","url":"https:\/\/www.stylmar.be\/wp-content\/uploads\/2022\/07\/Hedendaags-appartement_.webp","contentUrl":"https:\/\/www.stylmar.be\/wp-content\/uploads\/2022\/07\/Hedendaags-appartement_.webp"},{"@type":"BreadcrumbList","@id":"https:\/\/www.stylmar.be\/hedendaags-appartement\/#breadcrumb","itemListElement":[{"@type":"ListItem","position":1,"name":"Home","item":"https:\/\/www.stylmar.be\/"},{"@type":"ListItem","position":2,"name":"Appartement contemporain"}]},{"@type":"WebSite","@id":"https:\/\/www.stylmar.be\/#website","url":"https:\/\/www.stylmar.be\/","name":"Stylmar","description":"Artisanaal Belgisch Maatwerk","potentialAction":[{"@type":"SearchAction","target":{"@type":"EntryPoint","urlTemplate":"https:\/\/www.stylmar.be\/?s={search_term_string}"},"query-input":{"@type":"PropertyValueSpecification","valueRequired":true,"valueName":"search_term_string"}}],"inLanguage":"fr-FR"}]}},"_links":{"self":[{"href":"https:\/\/www.stylmar.be\/fr\/wp-json\/wp\/v2\/pages\/1869","targetHints":{"allow":["GET"]}}],"collection":[{"href":"https:\/\/www.stylmar.be\/fr\/wp-json\/wp\/v2\/pages"}],"about":[{"href":"https:\/\/www.stylmar.be\/fr\/wp-json\/wp\/v2\/types\/page"}],"author":[{"embeddable":true,"href":"https:\/\/www.stylmar.be\/fr\/wp-json\/wp\/v2\/users\/1"}],"replies":[{"embeddable":true,"href":"https:\/\/www.stylmar.be\/fr\/wp-json\/wp\/v2\/comments?post=1869"}],"version-history":[{"count":0,"href":"https:\/\/www.stylmar.be\/fr\/wp-json\/wp\/v2\/pages\/1869\/revisions"}],"wp:attachment":[{"href":"https:\/\/www.stylmar.be\/fr\/wp-json\/wp\/v2\/media?parent=1869"}],"curies":[{"name":"wp","href":"https:\/\/api.w.org\/{rel}","templated":true}]}}